{"id":7501,"date":"2024-12-09T17:07:56","date_gmt":"2024-12-09T17:07:56","guid":{"rendered":"https:\/\/www.vavika.si\/?post_type=product&#038;p=7501"},"modified":"2025-01-08T09:16:32","modified_gmt":"2025-01-08T09:16:32","slug":"talismano-energetico-core-of-creation","status":"publish","type":"product","link":"https:\/\/www.vavika.si\/it\/prodotto\/talismano-energetico-core-of-creation\/","title":{"rendered":"Talismano energetico CORE OF CREATION"},"content":{"rendered":"","protected":false},"excerpt":{"rendered":"<p>Dimensioni: circa 6 cm x 4 cm<br \/>\nMateriali: medaglione in argilla con mandala su cordoncino<br \/>\nDipinto a mano.<\/p>\n<p>Il gioiello energetico in argilla con simbolo \u00e8 un medaglione intuitivo che vi sostiene nel vostro percorso di potenziamento.<\/p>\n<p>CORE OF CREATION o Nucleo della Creazione ci d\u00e0 l&#8217;energia per creare dall&#8217;autenticit\u00e0 di noi stessi. L&#8217;alterit\u00e0 \u00e8 una virt\u00f9 e rilassarsi nella propria unicit\u00e0 ci porta su un sentiero di facilit\u00e0 e gioia di essere.<\/p>\n","protected":false},"featured_media":7504,"template":"","meta":[],"product_brand":[],"product_cat":[15],"product_tag":[],"class_list":{"0":"post-7501","1":"product","2":"type-product","3":"status-publish","4":"has-post-thumbnail","6":"product_cat-uncategorized","8":"first","9":"outofstock","10":"sold-individually","11":"taxable","12":"shipping-taxable","13":"purchasable","14":"product-type-simple"},"yoast_head":"<!-- This site is optimized with the Yoast SEO plugin v27.1.1 - https:\/\/yoast.com\/product\/yoast-seo-wordpress\/ -->\n<title>Talismano energetico CORE OF CREATION - Vavika<\/title>\n<meta name=\"description\" content=\"Talismano energetico Vavica ti sostiene attraverso i simboli e le intenzioni attivate in ogni medaglione. Ti aiuta a sentire la forza e il coraggio che porti dentro di te per essere ci\u00f2 che sei... UN ESSERE UNICO,\" \/>\n<meta name=\"robots\" content=\"index, follow, max-snippet:-1, max-image-preview:large, max-video-preview:-1\" \/>\n<link rel=\"canonical\" href=\"https:\/\/www.vavika.si\/it\/prodotto\/talismano-energetico-core-of-creation\/\" \/>\n<meta property=\"og:locale\" content=\"it_IT\" \/>\n<meta property=\"og:type\" content=\"article\" \/>\n<meta property=\"og:title\" content=\"Talismano energetico CORE OF CREATION - Vavika\" \/>\n<meta property=\"og:description\" content=\"Talismano energetico Vavica ti sostiene attraverso i simboli e le intenzioni attivate in ogni medaglione. Ti aiuta a sentire la forza e il coraggio che porti dentro di te per essere ci\u00f2 che sei... UN ESSERE UNICO,\" \/>\n<meta property=\"og:url\" content=\"https:\/\/www.vavika.si\/it\/prodotto\/talismano-energetico-core-of-creation\/\" \/>\n<meta property=\"og:site_name\" content=\"Vavika\" \/>\n<meta property=\"article:publisher\" content=\"https:\/\/www.facebook.com\/vavikaCreateYourself\/\" \/>\n<meta property=\"article:modified_time\" content=\"2025-01-08T09:16:32+00:00\" \/>\n<meta property=\"og:image\" content=\"https:\/\/www.vavika.si\/wp-content\/uploads\/2024\/12\/energ.nak_.-CORE-OF-CREATIONS.png\" \/>\n\t<meta property=\"og:image:width\" content=\"581\" \/>\n\t<meta property=\"og:image:height\" content=\"825\" \/>\n\t<meta property=\"og:image:type\" content=\"image\/png\" \/>\n<meta name=\"twitter:card\" content=\"summary_large_image\" \/>\n<meta name=\"twitter:label1\" content=\"Tempo di lettura stimato\" \/>\n\t<meta name=\"twitter:data1\" content=\"1 minuto\" \/>\n<script type=\"application\/ld+json\" class=\"yoast-schema-graph\">{\"@context\":\"https:\/\/schema.org\",\"@graph\":[{\"@type\":\"WebPage\",\"@id\":\"https:\/\/www.vavika.si\/it\/prodotto\/talismano-energetico-core-of-creation\/\",\"url\":\"https:\/\/www.vavika.si\/it\/prodotto\/talismano-energetico-core-of-creation\/\",\"name\":\"Talismano energetico CORE OF CREATION - Vavika\",\"isPartOf\":{\"@id\":\"https:\/\/www.vavika.si\/#website\"},\"primaryImageOfPage\":{\"@id\":\"https:\/\/www.vavika.si\/it\/prodotto\/talismano-energetico-core-of-creation\/#primaryimage\"},\"image\":{\"@id\":\"https:\/\/www.vavika.si\/it\/prodotto\/talismano-energetico-core-of-creation\/#primaryimage\"},\"thumbnailUrl\":\"https:\/\/www.vavika.si\/wp-content\/uploads\/2024\/12\/energ.nak_.-CORE-OF-CREATIONS.png\",\"datePublished\":\"2024-12-09T17:07:56+00:00\",\"dateModified\":\"2025-01-08T09:16:32+00:00\",\"description\":\"Talismano energetico Vavica ti sostiene attraverso i simboli e le intenzioni attivate in ogni medaglione. Ti aiuta a sentire la forza e il coraggio che porti dentro di te per essere ci\u00f2 che sei... UN ESSERE UNICO,\",\"breadcrumb\":{\"@id\":\"https:\/\/www.vavika.si\/it\/prodotto\/talismano-energetico-core-of-creation\/#breadcrumb\"},\"inLanguage\":\"it-IT\",\"potentialAction\":[{\"@type\":\"ReadAction\",\"target\":[\"https:\/\/www.vavika.si\/it\/prodotto\/talismano-energetico-core-of-creation\/\"]}]},{\"@type\":\"ImageObject\",\"inLanguage\":\"it-IT\",\"@id\":\"https:\/\/www.vavika.si\/it\/prodotto\/talismano-energetico-core-of-creation\/#primaryimage\",\"url\":\"https:\/\/www.vavika.si\/wp-content\/uploads\/2024\/12\/energ.nak_.-CORE-OF-CREATIONS.png\",\"contentUrl\":\"https:\/\/www.vavika.si\/wp-content\/uploads\/2024\/12\/energ.nak_.-CORE-OF-CREATIONS.png\",\"width\":581,\"height\":825},{\"@type\":\"BreadcrumbList\",\"@id\":\"https:\/\/www.vavika.si\/it\/prodotto\/talismano-energetico-core-of-creation\/#breadcrumb\",\"itemListElement\":[{\"@type\":\"ListItem\",\"position\":1,\"name\":\"Home\",\"item\":\"https:\/\/www.vavika.si\/it\/\"},{\"@type\":\"ListItem\",\"position\":2,\"name\":\"Negozio\",\"item\":\"https:\/\/www.vavika.si\/it\/negozio\/\"},{\"@type\":\"ListItem\",\"position\":3,\"name\":\"Talismano energetico CORE OF CREATION\"}]},{\"@type\":\"WebSite\",\"@id\":\"https:\/\/www.vavika.si\/#website\",\"url\":\"https:\/\/www.vavika.si\/\",\"name\":\"Vavika\",\"description\":\"Vavika\",\"publisher\":{\"@id\":\"https:\/\/www.vavika.si\/#\/schema\/person\/2460f9ee47c12da15b3044b0fcb15520\"},\"potentialAction\":[{\"@type\":\"SearchAction\",\"target\":{\"@type\":\"EntryPoint\",\"urlTemplate\":\"https:\/\/www.vavika.si\/?s={search_term_string}\"},\"query-input\":{\"@type\":\"PropertyValueSpecification\",\"valueRequired\":true,\"valueName\":\"search_term_string\"}}],\"inLanguage\":\"it-IT\"},{\"@type\":[\"Person\",\"Organization\"],\"@id\":\"https:\/\/www.vavika.si\/#\/schema\/person\/2460f9ee47c12da15b3044b0fcb15520\",\"name\":\"Vanja\",\"image\":{\"@type\":\"ImageObject\",\"inLanguage\":\"it-IT\",\"@id\":\"https:\/\/www.vavika.si\/#\/schema\/person\/image\/\",\"url\":\"https:\/\/www.vavika.si\/wp-content\/uploads\/2021\/11\/logo.png\",\"contentUrl\":\"https:\/\/www.vavika.si\/wp-content\/uploads\/2021\/11\/logo.png\",\"width\":418,\"height\":416,\"caption\":\"Vanja\"},\"logo\":{\"@id\":\"https:\/\/www.vavika.si\/#\/schema\/person\/image\/\"},\"sameAs\":[\"https:\/\/www.vavika.si\",\"https:\/\/www.facebook.com\/vavikaCreateYourself\/\",\"https:\/\/www.instagram.com\/vavika.si\/\"]}]}<\/script>\n<!-- \/ Yoast SEO plugin. -->","yoast_head_json":{"title":"Talismano energetico CORE OF CREATION - Vavika","description":"Talismano energetico Vavica ti sostiene attraverso i simboli e le intenzioni attivate in ogni medaglione. Ti aiuta a sentire la forza e il coraggio che porti dentro di te per essere ci\u00f2 che sei... UN ESSERE UNICO,","robots":{"index":"index","follow":"follow","max-snippet":"max-snippet:-1","max-image-preview":"max-image-preview:large","max-video-preview":"max-video-preview:-1"},"canonical":"https:\/\/www.vavika.si\/it\/prodotto\/talismano-energetico-core-of-creation\/","og_locale":"it_IT","og_type":"article","og_title":"Talismano energetico CORE OF CREATION - Vavika","og_description":"Talismano energetico Vavica ti sostiene attraverso i simboli e le intenzioni attivate in ogni medaglione. Ti aiuta a sentire la forza e il coraggio che porti dentro di te per essere ci\u00f2 che sei... UN ESSERE UNICO,","og_url":"https:\/\/www.vavika.si\/it\/prodotto\/talismano-energetico-core-of-creation\/","og_site_name":"Vavika","article_publisher":"https:\/\/www.facebook.com\/vavikaCreateYourself\/","article_modified_time":"2025-01-08T09:16:32+00:00","og_image":[{"width":581,"height":825,"url":"https:\/\/www.vavika.si\/wp-content\/uploads\/2024\/12\/energ.nak_.-CORE-OF-CREATIONS.png","type":"image\/png"}],"twitter_card":"summary_large_image","twitter_misc":{"Tempo di lettura stimato":"1 minuto"},"schema":{"@context":"https:\/\/schema.org","@graph":[{"@type":"WebPage","@id":"https:\/\/www.vavika.si\/it\/prodotto\/talismano-energetico-core-of-creation\/","url":"https:\/\/www.vavika.si\/it\/prodotto\/talismano-energetico-core-of-creation\/","name":"Talismano energetico CORE OF CREATION - Vavika","isPartOf":{"@id":"https:\/\/www.vavika.si\/#website"},"primaryImageOfPage":{"@id":"https:\/\/www.vavika.si\/it\/prodotto\/talismano-energetico-core-of-creation\/#primaryimage"},"image":{"@id":"https:\/\/www.vavika.si\/it\/prodotto\/talismano-energetico-core-of-creation\/#primaryimage"},"thumbnailUrl":"https:\/\/www.vavika.si\/wp-content\/uploads\/2024\/12\/energ.nak_.-CORE-OF-CREATIONS.png","datePublished":"2024-12-09T17:07:56+00:00","dateModified":"2025-01-08T09:16:32+00:00","description":"Talismano energetico Vavica ti sostiene attraverso i simboli e le intenzioni attivate in ogni medaglione. Ti aiuta a sentire la forza e il coraggio che porti dentro di te per essere ci\u00f2 che sei... UN ESSERE UNICO,","breadcrumb":{"@id":"https:\/\/www.vavika.si\/it\/prodotto\/talismano-energetico-core-of-creation\/#breadcrumb"},"inLanguage":"it-IT","potentialAction":[{"@type":"ReadAction","target":["https:\/\/www.vavika.si\/it\/prodotto\/talismano-energetico-core-of-creation\/"]}]},{"@type":"ImageObject","inLanguage":"it-IT","@id":"https:\/\/www.vavika.si\/it\/prodotto\/talismano-energetico-core-of-creation\/#primaryimage","url":"https:\/\/www.vavika.si\/wp-content\/uploads\/2024\/12\/energ.nak_.-CORE-OF-CREATIONS.png","contentUrl":"https:\/\/www.vavika.si\/wp-content\/uploads\/2024\/12\/energ.nak_.-CORE-OF-CREATIONS.png","width":581,"height":825},{"@type":"BreadcrumbList","@id":"https:\/\/www.vavika.si\/it\/prodotto\/talismano-energetico-core-of-creation\/#breadcrumb","itemListElement":[{"@type":"ListItem","position":1,"name":"Home","item":"https:\/\/www.vavika.si\/it\/"},{"@type":"ListItem","position":2,"name":"Negozio","item":"https:\/\/www.vavika.si\/it\/negozio\/"},{"@type":"ListItem","position":3,"name":"Talismano energetico CORE OF CREATION"}]},{"@type":"WebSite","@id":"https:\/\/www.vavika.si\/#website","url":"https:\/\/www.vavika.si\/","name":"Vavika","description":"Vavika","publisher":{"@id":"https:\/\/www.vavika.si\/#\/schema\/person\/2460f9ee47c12da15b3044b0fcb15520"},"potentialAction":[{"@type":"SearchAction","target":{"@type":"EntryPoint","urlTemplate":"https:\/\/www.vavika.si\/?s={search_term_string}"},"query-input":{"@type":"PropertyValueSpecification","valueRequired":true,"valueName":"search_term_string"}}],"inLanguage":"it-IT"},{"@type":["Person","Organization"],"@id":"https:\/\/www.vavika.si\/#\/schema\/person\/2460f9ee47c12da15b3044b0fcb15520","name":"Vanja","image":{"@type":"ImageObject","inLanguage":"it-IT","@id":"https:\/\/www.vavika.si\/#\/schema\/person\/image\/","url":"https:\/\/www.vavika.si\/wp-content\/uploads\/2021\/11\/logo.png","contentUrl":"https:\/\/www.vavika.si\/wp-content\/uploads\/2021\/11\/logo.png","width":418,"height":416,"caption":"Vanja"},"logo":{"@id":"https:\/\/www.vavika.si\/#\/schema\/person\/image\/"},"sameAs":["https:\/\/www.vavika.si","https:\/\/www.facebook.com\/vavikaCreateYourself\/","https:\/\/www.instagram.com\/vavika.si\/"]}]}},"_links":{"self":[{"href":"https:\/\/www.vavika.si\/it\/wp-json\/wp\/v2\/product\/7501","targetHints":{"allow":["GET"]}}],"collection":[{"href":"https:\/\/www.vavika.si\/it\/wp-json\/wp\/v2\/product"}],"about":[{"href":"https:\/\/www.vavika.si\/it\/wp-json\/wp\/v2\/types\/product"}],"wp:featuredmedia":[{"embeddable":true,"href":"https:\/\/www.vavika.si\/it\/wp-json\/wp\/v2\/media\/7504"}],"wp:attachment":[{"href":"https:\/\/www.vavika.si\/it\/wp-json\/wp\/v2\/media?parent=7501"}],"wp:term":[{"taxonomy":"product_brand","embeddable":true,"href":"https:\/\/www.vavika.si\/it\/wp-json\/wp\/v2\/product_brand?post=7501"},{"taxonomy":"product_cat","embeddable":true,"href":"https:\/\/www.vavika.si\/it\/wp-json\/wp\/v2\/product_cat?post=7501"},{"taxonomy":"product_tag","embeddable":true,"href":"https:\/\/www.vavika.si\/it\/wp-json\/wp\/v2\/product_tag?post=7501"}],"curies":[{"name":"wp","href":"https:\/\/api.w.org\/{rel}","templated":true}]}}