{"id":6345,"date":"2022-05-24T12:04:47","date_gmt":"2022-05-24T12:04:47","guid":{"rendered":"https:\/\/www.vavika.si\/product\/zivalski-vodnik-baluga\/"},"modified":"2022-06-30T16:00:28","modified_gmt":"2022-06-30T16:00:28","slug":"animale-guida-la-baluga","status":"publish","type":"product","link":"https:\/\/www.vavika.si\/it\/prodotto\/animale-guida-la-baluga\/","title":{"rendered":"Animale guida La baluga"},"content":{"rendered":"","protected":false},"excerpt":{"rendered":"<p>Stampa digitale artistica A4<br \/>\nPREZZO : 22\u20ac<br \/>\nCon cornice 25\u20ac<\/p>\n<p>La Baluga \u00e8 portatrice di gioia, accarezza il cuore quando siamo gi\u00f9 di morale o quando sentiamo la mancanza di qualcuno che non c&#8217;\u00e8 pi\u00f9. <\/p>\n<p>Porta via tutti i sentimenti tristi e tutto ci\u00f2 a a cui siamo troppo attaccati. Guardando la guida animale, sentiamo una forza concentrata per abbandonarci alle passioni della nostra anima e allo stesso tempo la calma di aver scelto noi stessi e di metterci al primo posto. <\/p>\n<p>Per bambini e adulti che vogliono risvegliare il proprio potere e intraprendere un viaggio dell&#8217;anima, lasciandosi alle spalle tutte quello che non ci serve piu&#8217;. <\/p>\n<p>Petra Askerc<\/p>\n","protected":false},"featured_media":5986,"template":"","meta":[],"product_brand":[],"product_cat":[61],"product_tag":[],"class_list":{"0":"post-6345","1":"product","2":"type-product","3":"status-publish","4":"has-post-thumbnail","6":"product_cat-animale-guida","8":"first","9":"instock","10":"taxable","11":"shipping-taxable","12":"purchasable","13":"product-type-variable"},"yoast_head":"<!-- This site is optimized with the Yoast SEO plugin v27.1.1 - https:\/\/yoast.com\/product\/yoast-seo-wordpress\/ -->\n<title>Animale guida La baluga - Vavika<\/title>\n<meta name=\"description\" content=\"\u017divalski vodnik Baluga je energijska ilustracija za otroke in tudi odrasle, ki \u017eelijo prebuditi svojo mo\u010d in se odpraviti na du\u0161no pot.\" \/>\n<meta name=\"robots\" content=\"index, follow, max-snippet:-1, max-image-preview:large, max-video-preview:-1\" \/>\n<link rel=\"canonical\" href=\"https:\/\/www.vavika.si\/it\/prodotto\/animale-guida-la-baluga\/\" \/>\n<meta property=\"og:locale\" content=\"it_IT\" \/>\n<meta property=\"og:type\" content=\"article\" \/>\n<meta property=\"og:title\" content=\"Baluga \u017divalski Vodnik\" \/>\n<meta property=\"og:description\" content=\"Baluga je prina\u0161alka radosti, ki pobo\u017ea srce, \u010de smo oto\u017eni ali \u010de koga pogre\u0161amo, ker ga ni ve\u010d z nami. Odnese vse \u017ealostne ob\u010dutke in vse, \u010desar se oklepamo. Ob pogledu na \u017eivalsko vodnico za\u010dutimo osredi\u0161\u010deno mo\u010d za predajo du\u0161nim strastem in pomirjenost s tem, da smo izbrali sebe in se dali na prvo mesto. Za otroke in tudi odrasle, ki \u017eelijo prebuditi svojo mo\u010d in se odpraviti na du\u0161no pot ter pustiti za seboj ves balast. Petra A\u0161kerc\" \/>\n<meta property=\"og:url\" content=\"https:\/\/www.vavika.si\/it\/prodotto\/animale-guida-la-baluga\/\" \/>\n<meta property=\"og:site_name\" content=\"Vavika\" \/>\n<meta property=\"article:publisher\" content=\"https:\/\/www.facebook.com\/vavikaCreateYourself\/\" \/>\n<meta property=\"article:modified_time\" content=\"2022-06-30T16:00:28+00:00\" \/>\n<meta property=\"og:image\" content=\"https:\/\/www.vavika.si\/wp-content\/uploads\/2022\/05\/baluga-1024x1024.png\" \/>\n\t<meta property=\"og:image:width\" content=\"1024\" \/>\n\t<meta property=\"og:image:height\" content=\"1024\" \/>\n\t<meta property=\"og:image:type\" content=\"image\/png\" \/>\n<meta name=\"twitter:card\" content=\"summary_large_image\" \/>\n<script type=\"application\/ld+json\" class=\"yoast-schema-graph\">{\"@context\":\"https:\/\/schema.org\",\"@graph\":[{\"@type\":\"WebPage\",\"@id\":\"https:\/\/www.vavika.si\/it\/prodotto\/animale-guida-la-baluga\/\",\"url\":\"https:\/\/www.vavika.si\/it\/prodotto\/animale-guida-la-baluga\/\",\"name\":\"Animale guida La baluga - Vavika\",\"isPartOf\":{\"@id\":\"https:\/\/www.vavika.si\/#website\"},\"primaryImageOfPage\":{\"@id\":\"https:\/\/www.vavika.si\/it\/prodotto\/animale-guida-la-baluga\/#primaryimage\"},\"image\":{\"@id\":\"https:\/\/www.vavika.si\/it\/prodotto\/animale-guida-la-baluga\/#primaryimage\"},\"thumbnailUrl\":\"https:\/\/www.vavika.si\/wp-content\/uploads\/2022\/05\/baluga.png\",\"datePublished\":\"2022-05-24T12:04:47+00:00\",\"dateModified\":\"2022-06-30T16:00:28+00:00\",\"description\":\"\u017divalski vodnik Baluga je energijska ilustracija za otroke in tudi odrasle, ki \u017eelijo prebuditi svojo mo\u010d in se odpraviti na du\u0161no pot.\",\"breadcrumb\":{\"@id\":\"https:\/\/www.vavika.si\/it\/prodotto\/animale-guida-la-baluga\/#breadcrumb\"},\"inLanguage\":\"it-IT\",\"potentialAction\":[{\"@type\":\"ReadAction\",\"target\":[\"https:\/\/www.vavika.si\/it\/prodotto\/animale-guida-la-baluga\/\"]}]},{\"@type\":\"ImageObject\",\"inLanguage\":\"it-IT\",\"@id\":\"https:\/\/www.vavika.si\/it\/prodotto\/animale-guida-la-baluga\/#primaryimage\",\"url\":\"https:\/\/www.vavika.si\/wp-content\/uploads\/2022\/05\/baluga.png\",\"contentUrl\":\"https:\/\/www.vavika.si\/wp-content\/uploads\/2022\/05\/baluga.png\",\"width\":1620,\"height\":1620},{\"@type\":\"BreadcrumbList\",\"@id\":\"https:\/\/www.vavika.si\/it\/prodotto\/animale-guida-la-baluga\/#breadcrumb\",\"itemListElement\":[{\"@type\":\"ListItem\",\"position\":1,\"name\":\"Home\",\"item\":\"https:\/\/www.vavika.si\/it\/\"},{\"@type\":\"ListItem\",\"position\":2,\"name\":\"Negozio\",\"item\":\"https:\/\/www.vavika.si\/it\/negozio\/\"},{\"@type\":\"ListItem\",\"position\":3,\"name\":\"Animale guida La baluga\"}]},{\"@type\":\"WebSite\",\"@id\":\"https:\/\/www.vavika.si\/#website\",\"url\":\"https:\/\/www.vavika.si\/\",\"name\":\"Vavika\",\"description\":\"Vavika\",\"publisher\":{\"@id\":\"https:\/\/www.vavika.si\/#\/schema\/person\/2460f9ee47c12da15b3044b0fcb15520\"},\"potentialAction\":[{\"@type\":\"SearchAction\",\"target\":{\"@type\":\"EntryPoint\",\"urlTemplate\":\"https:\/\/www.vavika.si\/?s={search_term_string}\"},\"query-input\":{\"@type\":\"PropertyValueSpecification\",\"valueRequired\":true,\"valueName\":\"search_term_string\"}}],\"inLanguage\":\"it-IT\"},{\"@type\":[\"Person\",\"Organization\"],\"@id\":\"https:\/\/www.vavika.si\/#\/schema\/person\/2460f9ee47c12da15b3044b0fcb15520\",\"name\":\"Vanja\",\"image\":{\"@type\":\"ImageObject\",\"inLanguage\":\"it-IT\",\"@id\":\"https:\/\/www.vavika.si\/#\/schema\/person\/image\/\",\"url\":\"https:\/\/www.vavika.si\/wp-content\/uploads\/2021\/11\/logo.png\",\"contentUrl\":\"https:\/\/www.vavika.si\/wp-content\/uploads\/2021\/11\/logo.png\",\"width\":418,\"height\":416,\"caption\":\"Vanja\"},\"logo\":{\"@id\":\"https:\/\/www.vavika.si\/#\/schema\/person\/image\/\"},\"sameAs\":[\"https:\/\/www.vavika.si\",\"https:\/\/www.facebook.com\/vavikaCreateYourself\/\",\"https:\/\/www.instagram.com\/vavika.si\/\"]}]}<\/script>\n<!-- \/ Yoast SEO plugin. -->","yoast_head_json":{"title":"Animale guida La baluga - Vavika","description":"\u017divalski vodnik Baluga je energijska ilustracija za otroke in tudi odrasle, ki \u017eelijo prebuditi svojo mo\u010d in se odpraviti na du\u0161no pot.","robots":{"index":"index","follow":"follow","max-snippet":"max-snippet:-1","max-image-preview":"max-image-preview:large","max-video-preview":"max-video-preview:-1"},"canonical":"https:\/\/www.vavika.si\/it\/prodotto\/animale-guida-la-baluga\/","og_locale":"it_IT","og_type":"article","og_title":"Baluga \u017divalski Vodnik","og_description":"Baluga je prina\u0161alka radosti, ki pobo\u017ea srce, \u010de smo oto\u017eni ali \u010de koga pogre\u0161amo, ker ga ni ve\u010d z nami. Odnese vse \u017ealostne ob\u010dutke in vse, \u010desar se oklepamo. Ob pogledu na \u017eivalsko vodnico za\u010dutimo osredi\u0161\u010deno mo\u010d za predajo du\u0161nim strastem in pomirjenost s tem, da smo izbrali sebe in se dali na prvo mesto. Za otroke in tudi odrasle, ki \u017eelijo prebuditi svojo mo\u010d in se odpraviti na du\u0161no pot ter pustiti za seboj ves balast. Petra A\u0161kerc","og_url":"https:\/\/www.vavika.si\/it\/prodotto\/animale-guida-la-baluga\/","og_site_name":"Vavika","article_publisher":"https:\/\/www.facebook.com\/vavikaCreateYourself\/","article_modified_time":"2022-06-30T16:00:28+00:00","og_image":[{"width":1024,"height":1024,"url":"https:\/\/www.vavika.si\/wp-content\/uploads\/2022\/05\/baluga-1024x1024.png","type":"image\/png"}],"twitter_card":"summary_large_image","schema":{"@context":"https:\/\/schema.org","@graph":[{"@type":"WebPage","@id":"https:\/\/www.vavika.si\/it\/prodotto\/animale-guida-la-baluga\/","url":"https:\/\/www.vavika.si\/it\/prodotto\/animale-guida-la-baluga\/","name":"Animale guida La baluga - Vavika","isPartOf":{"@id":"https:\/\/www.vavika.si\/#website"},"primaryImageOfPage":{"@id":"https:\/\/www.vavika.si\/it\/prodotto\/animale-guida-la-baluga\/#primaryimage"},"image":{"@id":"https:\/\/www.vavika.si\/it\/prodotto\/animale-guida-la-baluga\/#primaryimage"},"thumbnailUrl":"https:\/\/www.vavika.si\/wp-content\/uploads\/2022\/05\/baluga.png","datePublished":"2022-05-24T12:04:47+00:00","dateModified":"2022-06-30T16:00:28+00:00","description":"\u017divalski vodnik Baluga je energijska ilustracija za otroke in tudi odrasle, ki \u017eelijo prebuditi svojo mo\u010d in se odpraviti na du\u0161no pot.","breadcrumb":{"@id":"https:\/\/www.vavika.si\/it\/prodotto\/animale-guida-la-baluga\/#breadcrumb"},"inLanguage":"it-IT","potentialAction":[{"@type":"ReadAction","target":["https:\/\/www.vavika.si\/it\/prodotto\/animale-guida-la-baluga\/"]}]},{"@type":"ImageObject","inLanguage":"it-IT","@id":"https:\/\/www.vavika.si\/it\/prodotto\/animale-guida-la-baluga\/#primaryimage","url":"https:\/\/www.vavika.si\/wp-content\/uploads\/2022\/05\/baluga.png","contentUrl":"https:\/\/www.vavika.si\/wp-content\/uploads\/2022\/05\/baluga.png","width":1620,"height":1620},{"@type":"BreadcrumbList","@id":"https:\/\/www.vavika.si\/it\/prodotto\/animale-guida-la-baluga\/#breadcrumb","itemListElement":[{"@type":"ListItem","position":1,"name":"Home","item":"https:\/\/www.vavika.si\/it\/"},{"@type":"ListItem","position":2,"name":"Negozio","item":"https:\/\/www.vavika.si\/it\/negozio\/"},{"@type":"ListItem","position":3,"name":"Animale guida La baluga"}]},{"@type":"WebSite","@id":"https:\/\/www.vavika.si\/#website","url":"https:\/\/www.vavika.si\/","name":"Vavika","description":"Vavika","publisher":{"@id":"https:\/\/www.vavika.si\/#\/schema\/person\/2460f9ee47c12da15b3044b0fcb15520"},"potentialAction":[{"@type":"SearchAction","target":{"@type":"EntryPoint","urlTemplate":"https:\/\/www.vavika.si\/?s={search_term_string}"},"query-input":{"@type":"PropertyValueSpecification","valueRequired":true,"valueName":"search_term_string"}}],"inLanguage":"it-IT"},{"@type":["Person","Organization"],"@id":"https:\/\/www.vavika.si\/#\/schema\/person\/2460f9ee47c12da15b3044b0fcb15520","name":"Vanja","image":{"@type":"ImageObject","inLanguage":"it-IT","@id":"https:\/\/www.vavika.si\/#\/schema\/person\/image\/","url":"https:\/\/www.vavika.si\/wp-content\/uploads\/2021\/11\/logo.png","contentUrl":"https:\/\/www.vavika.si\/wp-content\/uploads\/2021\/11\/logo.png","width":418,"height":416,"caption":"Vanja"},"logo":{"@id":"https:\/\/www.vavika.si\/#\/schema\/person\/image\/"},"sameAs":["https:\/\/www.vavika.si","https:\/\/www.facebook.com\/vavikaCreateYourself\/","https:\/\/www.instagram.com\/vavika.si\/"]}]}},"_links":{"self":[{"href":"https:\/\/www.vavika.si\/it\/wp-json\/wp\/v2\/product\/6345","targetHints":{"allow":["GET"]}}],"collection":[{"href":"https:\/\/www.vavika.si\/it\/wp-json\/wp\/v2\/product"}],"about":[{"href":"https:\/\/www.vavika.si\/it\/wp-json\/wp\/v2\/types\/product"}],"wp:featuredmedia":[{"embeddable":true,"href":"https:\/\/www.vavika.si\/it\/wp-json\/wp\/v2\/media\/5986"}],"wp:attachment":[{"href":"https:\/\/www.vavika.si\/it\/wp-json\/wp\/v2\/media?parent=6345"}],"wp:term":[{"taxonomy":"product_brand","embeddable":true,"href":"https:\/\/www.vavika.si\/it\/wp-json\/wp\/v2\/product_brand?post=6345"},{"taxonomy":"product_cat","embeddable":true,"href":"https:\/\/www.vavika.si\/it\/wp-json\/wp\/v2\/product_cat?post=6345"},{"taxonomy":"product_tag","embeddable":true,"href":"https:\/\/www.vavika.si\/it\/wp-json\/wp\/v2\/product_tag?post=6345"}],"curies":[{"name":"wp","href":"https:\/\/api.w.org\/{rel}","templated":true}]}}