{"id":6157,"date":"2022-01-21T15:31:47","date_gmt":"2022-06-21T18:08:00","guid":{"rendered":"https:\/\/www.vavika.si\/?post_type=product&#038;p=6157"},"modified":"2022-06-30T16:31:21","modified_gmt":"2022-06-30T16:31:21","slug":"animale-guida-la-pettirosso","status":"publish","type":"product","link":"https:\/\/www.vavika.si\/it\/prodotto\/animale-guida-la-pettirosso\/","title":{"rendered":"Animale guida &#8211; La pettirosso"},"content":{"rendered":"","protected":false},"excerpt":{"rendered":"<p>Stampa digitale artistica A4<br \/>\nPREZZO: 22\u20ac<br \/>\nCon cornice 25\u20ac<\/p>\n<p>Questo minuscolo uccellino perfetto, di soli 20 grammi, ci regala tenacia, in quanto \u00e8 determinata a trovare giustizia e a difenderla a tutti i costi.<\/p>\n<p>Se abbiamo bisogno di togliere delicatamente i veli della nostra verit\u00e0 e tornare a noi stessi, la sua energia ci sosterr\u00e0 a tutti i livelli.<\/p>\n<p>Se abbiamo bisogno di un ritiro, sosterr\u00e0 l&#8217;archetipo dell&#8217;eremita che risiede dentro di noi e, quando sar\u00e0 il momento opportuno, riaccender\u00e0 passioni e hobby che possiamo aver dimenticato \u2013 ma che ci regalano impoderamento.<br \/>\nSe state scegliendo una guida animale per un bambino, La Pettirosso aiuta quei bambini che hanno difficolt\u00e0 nel stabilire limiti.<\/p>\n<p>Petra Askerc<\/p>\n","protected":false},"featured_media":5890,"template":"","meta":[],"product_brand":[],"product_cat":[61],"product_tag":[],"class_list":{"0":"post-6157","1":"product","2":"type-product","3":"status-publish","4":"has-post-thumbnail","6":"product_cat-animale-guida","8":"first","9":"instock","10":"taxable","11":"shipping-taxable","12":"purchasable","13":"product-type-variable"},"yoast_head":"<!-- This site is optimized with the Yoast SEO plugin v27.1.1 - https:\/\/yoast.com\/product\/yoast-seo-wordpress\/ -->\n<title>Animale guida - La pettirosso - Vavika<\/title>\n<meta name=\"robots\" content=\"index, follow, max-snippet:-1, max-image-preview:large, max-video-preview:-1\" \/>\n<link rel=\"canonical\" href=\"https:\/\/www.vavika.si\/it\/prodotto\/animale-guida-la-pettirosso\/\" \/>\n<meta property=\"og:locale\" content=\"it_IT\" \/>\n<meta property=\"og:type\" content=\"article\" \/>\n<meta property=\"og:title\" content=\"Animale guida - La pettirosso - Vavika\" \/>\n<meta property=\"og:description\" content=\"Stampa digitale artistica A4 PREZZO: 22\u20ac Con cornice 25\u20ac  Questo minuscolo uccellino perfetto, di soli 20 grammi, ci regala tenacia, in quanto \u00e8 determinata a trovare giustizia e a difenderla a tutti i costi.  Se abbiamo bisogno di togliere delicatamente i veli della nostra verit\u00e0 e tornare a noi stessi, la sua energia ci sosterr\u00e0 a tutti i livelli.  Se abbiamo bisogno di un ritiro, sosterr\u00e0 l&#039;archetipo dell&#039;eremita che risiede dentro di noi e, quando sar\u00e0 il momento opportuno, riaccender\u00e0 passioni e hobby che possiamo aver dimenticato \u2013 ma che ci regalano impoderamento. Se state scegliendo una guida animale per un bambino, La Pettirosso aiuta quei bambini che hanno difficolt\u00e0 nel stabilire limiti.  Petra Askerc\" \/>\n<meta property=\"og:url\" content=\"https:\/\/www.vavika.si\/it\/prodotto\/animale-guida-la-pettirosso\/\" \/>\n<meta property=\"og:site_name\" content=\"Vavika\" \/>\n<meta property=\"article:publisher\" content=\"https:\/\/www.facebook.com\/vavikaCreateYourself\/\" \/>\n<meta property=\"article:modified_time\" content=\"2022-06-30T16:31:21+00:00\" \/>\n<meta property=\"og:image\" content=\"https:\/\/www.vavika.si\/wp-content\/uploads\/2021\/12\/5-1024x1024.png\" \/>\n\t<meta property=\"og:image:width\" content=\"1024\" \/>\n\t<meta property=\"og:image:height\" content=\"1024\" \/>\n\t<meta property=\"og:image:type\" content=\"image\/png\" \/>\n<meta name=\"twitter:card\" content=\"summary_large_image\" \/>\n<script type=\"application\/ld+json\" class=\"yoast-schema-graph\">{\"@context\":\"https:\/\/schema.org\",\"@graph\":[{\"@type\":\"WebPage\",\"@id\":\"https:\/\/www.vavika.si\/it\/prodotto\/animale-guida-la-pettirosso\/\",\"url\":\"https:\/\/www.vavika.si\/it\/prodotto\/animale-guida-la-pettirosso\/\",\"name\":\"Animale guida - La pettirosso - Vavika\",\"isPartOf\":{\"@id\":\"https:\/\/www.vavika.si\/#website\"},\"primaryImageOfPage\":{\"@id\":\"https:\/\/www.vavika.si\/it\/prodotto\/animale-guida-la-pettirosso\/#primaryimage\"},\"image\":{\"@id\":\"https:\/\/www.vavika.si\/it\/prodotto\/animale-guida-la-pettirosso\/#primaryimage\"},\"thumbnailUrl\":\"https:\/\/www.vavika.si\/wp-content\/uploads\/2021\/12\/5.png\",\"datePublished\":\"2022-06-21T18:08:00+00:00\",\"dateModified\":\"2022-06-30T16:31:21+00:00\",\"breadcrumb\":{\"@id\":\"https:\/\/www.vavika.si\/it\/prodotto\/animale-guida-la-pettirosso\/#breadcrumb\"},\"inLanguage\":\"it-IT\",\"potentialAction\":[{\"@type\":\"ReadAction\",\"target\":[\"https:\/\/www.vavika.si\/it\/prodotto\/animale-guida-la-pettirosso\/\"]}]},{\"@type\":\"ImageObject\",\"inLanguage\":\"it-IT\",\"@id\":\"https:\/\/www.vavika.si\/it\/prodotto\/animale-guida-la-pettirosso\/#primaryimage\",\"url\":\"https:\/\/www.vavika.si\/wp-content\/uploads\/2021\/12\/5.png\",\"contentUrl\":\"https:\/\/www.vavika.si\/wp-content\/uploads\/2021\/12\/5.png\",\"width\":1620,\"height\":1620,\"caption\":\"\u017divalski vodnik - Smrdokavra\"},{\"@type\":\"BreadcrumbList\",\"@id\":\"https:\/\/www.vavika.si\/it\/prodotto\/animale-guida-la-pettirosso\/#breadcrumb\",\"itemListElement\":[{\"@type\":\"ListItem\",\"position\":1,\"name\":\"Home\",\"item\":\"https:\/\/www.vavika.si\/it\/\"},{\"@type\":\"ListItem\",\"position\":2,\"name\":\"Negozio\",\"item\":\"https:\/\/www.vavika.si\/it\/negozio\/\"},{\"@type\":\"ListItem\",\"position\":3,\"name\":\"Animale guida &#8211; La pettirosso\"}]},{\"@type\":\"WebSite\",\"@id\":\"https:\/\/www.vavika.si\/#website\",\"url\":\"https:\/\/www.vavika.si\/\",\"name\":\"Vavika\",\"description\":\"Vavika\",\"publisher\":{\"@id\":\"https:\/\/www.vavika.si\/#\/schema\/person\/2460f9ee47c12da15b3044b0fcb15520\"},\"potentialAction\":[{\"@type\":\"SearchAction\",\"target\":{\"@type\":\"EntryPoint\",\"urlTemplate\":\"https:\/\/www.vavika.si\/?s={search_term_string}\"},\"query-input\":{\"@type\":\"PropertyValueSpecification\",\"valueRequired\":true,\"valueName\":\"search_term_string\"}}],\"inLanguage\":\"it-IT\"},{\"@type\":[\"Person\",\"Organization\"],\"@id\":\"https:\/\/www.vavika.si\/#\/schema\/person\/2460f9ee47c12da15b3044b0fcb15520\",\"name\":\"Vanja\",\"image\":{\"@type\":\"ImageObject\",\"inLanguage\":\"it-IT\",\"@id\":\"https:\/\/www.vavika.si\/#\/schema\/person\/image\/\",\"url\":\"https:\/\/www.vavika.si\/wp-content\/uploads\/2021\/11\/logo.png\",\"contentUrl\":\"https:\/\/www.vavika.si\/wp-content\/uploads\/2021\/11\/logo.png\",\"width\":418,\"height\":416,\"caption\":\"Vanja\"},\"logo\":{\"@id\":\"https:\/\/www.vavika.si\/#\/schema\/person\/image\/\"},\"sameAs\":[\"https:\/\/www.vavika.si\",\"https:\/\/www.facebook.com\/vavikaCreateYourself\/\",\"https:\/\/www.instagram.com\/vavika.si\/\"]}]}<\/script>\n<!-- \/ Yoast SEO plugin. -->","yoast_head_json":{"title":"Animale guida - La pettirosso - Vavika","robots":{"index":"index","follow":"follow","max-snippet":"max-snippet:-1","max-image-preview":"max-image-preview:large","max-video-preview":"max-video-preview:-1"},"canonical":"https:\/\/www.vavika.si\/it\/prodotto\/animale-guida-la-pettirosso\/","og_locale":"it_IT","og_type":"article","og_title":"Animale guida - La pettirosso - Vavika","og_description":"Stampa digitale artistica A4 PREZZO: 22\u20ac Con cornice 25\u20ac  Questo minuscolo uccellino perfetto, di soli 20 grammi, ci regala tenacia, in quanto \u00e8 determinata a trovare giustizia e a difenderla a tutti i costi.  Se abbiamo bisogno di togliere delicatamente i veli della nostra verit\u00e0 e tornare a noi stessi, la sua energia ci sosterr\u00e0 a tutti i livelli.  Se abbiamo bisogno di un ritiro, sosterr\u00e0 l'archetipo dell'eremita che risiede dentro di noi e, quando sar\u00e0 il momento opportuno, riaccender\u00e0 passioni e hobby che possiamo aver dimenticato \u2013 ma che ci regalano impoderamento. Se state scegliendo una guida animale per un bambino, La Pettirosso aiuta quei bambini che hanno difficolt\u00e0 nel stabilire limiti.  Petra Askerc","og_url":"https:\/\/www.vavika.si\/it\/prodotto\/animale-guida-la-pettirosso\/","og_site_name":"Vavika","article_publisher":"https:\/\/www.facebook.com\/vavikaCreateYourself\/","article_modified_time":"2022-06-30T16:31:21+00:00","og_image":[{"width":1024,"height":1024,"url":"https:\/\/www.vavika.si\/wp-content\/uploads\/2021\/12\/5-1024x1024.png","type":"image\/png"}],"twitter_card":"summary_large_image","schema":{"@context":"https:\/\/schema.org","@graph":[{"@type":"WebPage","@id":"https:\/\/www.vavika.si\/it\/prodotto\/animale-guida-la-pettirosso\/","url":"https:\/\/www.vavika.si\/it\/prodotto\/animale-guida-la-pettirosso\/","name":"Animale guida - La pettirosso - Vavika","isPartOf":{"@id":"https:\/\/www.vavika.si\/#website"},"primaryImageOfPage":{"@id":"https:\/\/www.vavika.si\/it\/prodotto\/animale-guida-la-pettirosso\/#primaryimage"},"image":{"@id":"https:\/\/www.vavika.si\/it\/prodotto\/animale-guida-la-pettirosso\/#primaryimage"},"thumbnailUrl":"https:\/\/www.vavika.si\/wp-content\/uploads\/2021\/12\/5.png","datePublished":"2022-06-21T18:08:00+00:00","dateModified":"2022-06-30T16:31:21+00:00","breadcrumb":{"@id":"https:\/\/www.vavika.si\/it\/prodotto\/animale-guida-la-pettirosso\/#breadcrumb"},"inLanguage":"it-IT","potentialAction":[{"@type":"ReadAction","target":["https:\/\/www.vavika.si\/it\/prodotto\/animale-guida-la-pettirosso\/"]}]},{"@type":"ImageObject","inLanguage":"it-IT","@id":"https:\/\/www.vavika.si\/it\/prodotto\/animale-guida-la-pettirosso\/#primaryimage","url":"https:\/\/www.vavika.si\/wp-content\/uploads\/2021\/12\/5.png","contentUrl":"https:\/\/www.vavika.si\/wp-content\/uploads\/2021\/12\/5.png","width":1620,"height":1620,"caption":"\u017divalski vodnik - Smrdokavra"},{"@type":"BreadcrumbList","@id":"https:\/\/www.vavika.si\/it\/prodotto\/animale-guida-la-pettirosso\/#breadcrumb","itemListElement":[{"@type":"ListItem","position":1,"name":"Home","item":"https:\/\/www.vavika.si\/it\/"},{"@type":"ListItem","position":2,"name":"Negozio","item":"https:\/\/www.vavika.si\/it\/negozio\/"},{"@type":"ListItem","position":3,"name":"Animale guida &#8211; La pettirosso"}]},{"@type":"WebSite","@id":"https:\/\/www.vavika.si\/#website","url":"https:\/\/www.vavika.si\/","name":"Vavika","description":"Vavika","publisher":{"@id":"https:\/\/www.vavika.si\/#\/schema\/person\/2460f9ee47c12da15b3044b0fcb15520"},"potentialAction":[{"@type":"SearchAction","target":{"@type":"EntryPoint","urlTemplate":"https:\/\/www.vavika.si\/?s={search_term_string}"},"query-input":{"@type":"PropertyValueSpecification","valueRequired":true,"valueName":"search_term_string"}}],"inLanguage":"it-IT"},{"@type":["Person","Organization"],"@id":"https:\/\/www.vavika.si\/#\/schema\/person\/2460f9ee47c12da15b3044b0fcb15520","name":"Vanja","image":{"@type":"ImageObject","inLanguage":"it-IT","@id":"https:\/\/www.vavika.si\/#\/schema\/person\/image\/","url":"https:\/\/www.vavika.si\/wp-content\/uploads\/2021\/11\/logo.png","contentUrl":"https:\/\/www.vavika.si\/wp-content\/uploads\/2021\/11\/logo.png","width":418,"height":416,"caption":"Vanja"},"logo":{"@id":"https:\/\/www.vavika.si\/#\/schema\/person\/image\/"},"sameAs":["https:\/\/www.vavika.si","https:\/\/www.facebook.com\/vavikaCreateYourself\/","https:\/\/www.instagram.com\/vavika.si\/"]}]}},"_links":{"self":[{"href":"https:\/\/www.vavika.si\/it\/wp-json\/wp\/v2\/product\/6157","targetHints":{"allow":["GET"]}}],"collection":[{"href":"https:\/\/www.vavika.si\/it\/wp-json\/wp\/v2\/product"}],"about":[{"href":"https:\/\/www.vavika.si\/it\/wp-json\/wp\/v2\/types\/product"}],"wp:featuredmedia":[{"embeddable":true,"href":"https:\/\/www.vavika.si\/it\/wp-json\/wp\/v2\/media\/5890"}],"wp:attachment":[{"href":"https:\/\/www.vavika.si\/it\/wp-json\/wp\/v2\/media?parent=6157"}],"wp:term":[{"taxonomy":"product_brand","embeddable":true,"href":"https:\/\/www.vavika.si\/it\/wp-json\/wp\/v2\/product_brand?post=6157"},{"taxonomy":"product_cat","embeddable":true,"href":"https:\/\/www.vavika.si\/it\/wp-json\/wp\/v2\/product_cat?post=6157"},{"taxonomy":"product_tag","embeddable":true,"href":"https:\/\/www.vavika.si\/it\/wp-json\/wp\/v2\/product_tag?post=6157"}],"curies":[{"name":"wp","href":"https:\/\/api.w.org\/{rel}","templated":true}]}}