{"id":6156,"date":"2022-05-25T10:43:43","date_gmt":"2022-06-21T18:06:32","guid":{"rendered":"https:\/\/www.vavika.si\/?post_type=product&#038;p=6156"},"modified":"2022-06-30T16:31:34","modified_gmt":"2022-06-30T16:31:34","slug":"animale-guida-scoiattolo-femmina","status":"publish","type":"product","link":"https:\/\/www.vavika.si\/it\/prodotto\/animale-guida-scoiattolo-femmina\/","title":{"rendered":"Animale guida &#8211; Scoiattolo femmina"},"content":{"rendered":"","protected":false},"excerpt":{"rendered":"<p>Stampa digitale artistica A4<br \/>\nPREZZO: 22\u20ac<br \/>\nCon cornice 25\u20ac<\/p>\n<p>Lo scoiattolo femmina porta malizia, giocosit\u00e0 &#8211; per tutti noi che abbiamo bisogno di un sacco di divertimento e gioia pura e per risvegliare il bambino che \u00e8 in noi.<\/p>\n<p>Cos\u00ec misteriosa, ma quando si arrende e si fida, ci insegna praticamente tutto quello che le chiediamo. Perch\u00e9 lei \u00e8 il wi-fi della foresta. Accede a qualsiasi informazione con estrema facilit\u00e0. \u00c8 totalmente impegnata nel suo percorso e non dubita mai, nemmeno per un istante. Ha piena fiducia nella vita e sa che pu\u00f2 accedere in ogni momento a qualsiasi informazione nella foresta. Se hai bisogno di chiarezza e distacco, lo scoiattolo \u00e8 l\u00ec per sostenerti. Giacinti per la passione, pini per l&#8217;abbandono dei sensi e avventurina per il coraggio.<\/p>\n<p>Petra Askerc<\/p>\n","protected":false},"featured_media":5999,"template":"","meta":[],"product_brand":[],"product_cat":[61],"product_tag":[],"class_list":{"0":"post-6156","1":"product","2":"type-product","3":"status-publish","4":"has-post-thumbnail","6":"product_cat-animale-guida","8":"first","9":"instock","10":"taxable","11":"shipping-taxable","12":"purchasable","13":"product-type-variable"},"yoast_head":"<!-- This site is optimized with the Yoast SEO plugin v27.1.1 - https:\/\/yoast.com\/product\/yoast-seo-wordpress\/ -->\n<title>Animale guida - Scoiattolo femmina - Vavika<\/title>\n<meta name=\"robots\" content=\"index, follow, max-snippet:-1, max-image-preview:large, max-video-preview:-1\" \/>\n<link rel=\"canonical\" href=\"https:\/\/www.vavika.si\/it\/prodotto\/animale-guida-scoiattolo-femmina\/\" \/>\n<meta property=\"og:locale\" content=\"it_IT\" \/>\n<meta property=\"og:type\" content=\"article\" \/>\n<meta property=\"og:title\" content=\"Animale guida - Scoiattolo femmina - Vavika\" \/>\n<meta property=\"og:description\" content=\"Stampa digitale artistica A4 PREZZO: 22\u20ac Con cornice 25\u20ac  Lo scoiattolo femmina porta malizia, giocosit\u00e0 - per tutti noi che abbiamo bisogno di un sacco di divertimento e gioia pura e per risvegliare il bambino che \u00e8 in noi.  Cos\u00ec misteriosa, ma quando si arrende e si fida, ci insegna praticamente tutto quello che le chiediamo. Perch\u00e9 lei \u00e8 il wi-fi della foresta. Accede a qualsiasi informazione con estrema facilit\u00e0. \u00c8 totalmente impegnata nel suo percorso e non dubita mai, nemmeno per un istante. Ha piena fiducia nella vita e sa che pu\u00f2 accedere in ogni momento a qualsiasi informazione nella foresta. Se hai bisogno di chiarezza e distacco, lo scoiattolo \u00e8 l\u00ec per sostenerti. Giacinti per la passione, pini per l&#039;abbandono dei sensi e avventurina per il coraggio.  Petra Askerc\" \/>\n<meta property=\"og:url\" content=\"https:\/\/www.vavika.si\/it\/prodotto\/animale-guida-scoiattolo-femmina\/\" \/>\n<meta property=\"og:site_name\" content=\"Vavika\" \/>\n<meta property=\"article:publisher\" content=\"https:\/\/www.facebook.com\/vavikaCreateYourself\/\" \/>\n<meta property=\"article:modified_time\" content=\"2022-06-30T16:31:34+00:00\" \/>\n<meta property=\"og:image\" content=\"https:\/\/www.vavika.si\/wp-content\/uploads\/2022\/05\/Zivalski-Vodniki-Veverica-1024x1024.png\" \/>\n\t<meta property=\"og:image:width\" content=\"1024\" \/>\n\t<meta property=\"og:image:height\" content=\"1024\" \/>\n\t<meta property=\"og:image:type\" content=\"image\/png\" \/>\n<meta name=\"twitter:card\" content=\"summary_large_image\" \/>\n<script type=\"application\/ld+json\" class=\"yoast-schema-graph\">{\"@context\":\"https:\/\/schema.org\",\"@graph\":[{\"@type\":\"WebPage\",\"@id\":\"https:\/\/www.vavika.si\/it\/prodotto\/animale-guida-scoiattolo-femmina\/\",\"url\":\"https:\/\/www.vavika.si\/it\/prodotto\/animale-guida-scoiattolo-femmina\/\",\"name\":\"Animale guida - Scoiattolo femmina - Vavika\",\"isPartOf\":{\"@id\":\"https:\/\/www.vavika.si\/#website\"},\"primaryImageOfPage\":{\"@id\":\"https:\/\/www.vavika.si\/it\/prodotto\/animale-guida-scoiattolo-femmina\/#primaryimage\"},\"image\":{\"@id\":\"https:\/\/www.vavika.si\/it\/prodotto\/animale-guida-scoiattolo-femmina\/#primaryimage\"},\"thumbnailUrl\":\"https:\/\/www.vavika.si\/wp-content\/uploads\/2022\/05\/Zivalski-Vodniki-Veverica.png\",\"datePublished\":\"2022-06-21T18:06:32+00:00\",\"dateModified\":\"2022-06-30T16:31:34+00:00\",\"breadcrumb\":{\"@id\":\"https:\/\/www.vavika.si\/it\/prodotto\/animale-guida-scoiattolo-femmina\/#breadcrumb\"},\"inLanguage\":\"it-IT\",\"potentialAction\":[{\"@type\":\"ReadAction\",\"target\":[\"https:\/\/www.vavika.si\/it\/prodotto\/animale-guida-scoiattolo-femmina\/\"]}]},{\"@type\":\"ImageObject\",\"inLanguage\":\"it-IT\",\"@id\":\"https:\/\/www.vavika.si\/it\/prodotto\/animale-guida-scoiattolo-femmina\/#primaryimage\",\"url\":\"https:\/\/www.vavika.si\/wp-content\/uploads\/2022\/05\/Zivalski-Vodniki-Veverica.png\",\"contentUrl\":\"https:\/\/www.vavika.si\/wp-content\/uploads\/2022\/05\/Zivalski-Vodniki-Veverica.png\",\"width\":1080,\"height\":1080},{\"@type\":\"BreadcrumbList\",\"@id\":\"https:\/\/www.vavika.si\/it\/prodotto\/animale-guida-scoiattolo-femmina\/#breadcrumb\",\"itemListElement\":[{\"@type\":\"ListItem\",\"position\":1,\"name\":\"Home\",\"item\":\"https:\/\/www.vavika.si\/it\/\"},{\"@type\":\"ListItem\",\"position\":2,\"name\":\"Negozio\",\"item\":\"https:\/\/www.vavika.si\/it\/negozio\/\"},{\"@type\":\"ListItem\",\"position\":3,\"name\":\"Animale guida &#8211; Scoiattolo femmina\"}]},{\"@type\":\"WebSite\",\"@id\":\"https:\/\/www.vavika.si\/#website\",\"url\":\"https:\/\/www.vavika.si\/\",\"name\":\"Vavika\",\"description\":\"Vavika\",\"publisher\":{\"@id\":\"https:\/\/www.vavika.si\/#\/schema\/person\/2460f9ee47c12da15b3044b0fcb15520\"},\"potentialAction\":[{\"@type\":\"SearchAction\",\"target\":{\"@type\":\"EntryPoint\",\"urlTemplate\":\"https:\/\/www.vavika.si\/?s={search_term_string}\"},\"query-input\":{\"@type\":\"PropertyValueSpecification\",\"valueRequired\":true,\"valueName\":\"search_term_string\"}}],\"inLanguage\":\"it-IT\"},{\"@type\":[\"Person\",\"Organization\"],\"@id\":\"https:\/\/www.vavika.si\/#\/schema\/person\/2460f9ee47c12da15b3044b0fcb15520\",\"name\":\"Vanja\",\"image\":{\"@type\":\"ImageObject\",\"inLanguage\":\"it-IT\",\"@id\":\"https:\/\/www.vavika.si\/#\/schema\/person\/image\/\",\"url\":\"https:\/\/www.vavika.si\/wp-content\/uploads\/2021\/11\/logo.png\",\"contentUrl\":\"https:\/\/www.vavika.si\/wp-content\/uploads\/2021\/11\/logo.png\",\"width\":418,\"height\":416,\"caption\":\"Vanja\"},\"logo\":{\"@id\":\"https:\/\/www.vavika.si\/#\/schema\/person\/image\/\"},\"sameAs\":[\"https:\/\/www.vavika.si\",\"https:\/\/www.facebook.com\/vavikaCreateYourself\/\",\"https:\/\/www.instagram.com\/vavika.si\/\"]}]}<\/script>\n<!-- \/ Yoast SEO plugin. -->","yoast_head_json":{"title":"Animale guida - Scoiattolo femmina - Vavika","robots":{"index":"index","follow":"follow","max-snippet":"max-snippet:-1","max-image-preview":"max-image-preview:large","max-video-preview":"max-video-preview:-1"},"canonical":"https:\/\/www.vavika.si\/it\/prodotto\/animale-guida-scoiattolo-femmina\/","og_locale":"it_IT","og_type":"article","og_title":"Animale guida - Scoiattolo femmina - Vavika","og_description":"Stampa digitale artistica A4 PREZZO: 22\u20ac Con cornice 25\u20ac  Lo scoiattolo femmina porta malizia, giocosit\u00e0 - per tutti noi che abbiamo bisogno di un sacco di divertimento e gioia pura e per risvegliare il bambino che \u00e8 in noi.  Cos\u00ec misteriosa, ma quando si arrende e si fida, ci insegna praticamente tutto quello che le chiediamo. Perch\u00e9 lei \u00e8 il wi-fi della foresta. Accede a qualsiasi informazione con estrema facilit\u00e0. \u00c8 totalmente impegnata nel suo percorso e non dubita mai, nemmeno per un istante. Ha piena fiducia nella vita e sa che pu\u00f2 accedere in ogni momento a qualsiasi informazione nella foresta. Se hai bisogno di chiarezza e distacco, lo scoiattolo \u00e8 l\u00ec per sostenerti. Giacinti per la passione, pini per l'abbandono dei sensi e avventurina per il coraggio.  Petra Askerc","og_url":"https:\/\/www.vavika.si\/it\/prodotto\/animale-guida-scoiattolo-femmina\/","og_site_name":"Vavika","article_publisher":"https:\/\/www.facebook.com\/vavikaCreateYourself\/","article_modified_time":"2022-06-30T16:31:34+00:00","og_image":[{"width":1024,"height":1024,"url":"https:\/\/www.vavika.si\/wp-content\/uploads\/2022\/05\/Zivalski-Vodniki-Veverica-1024x1024.png","type":"image\/png"}],"twitter_card":"summary_large_image","schema":{"@context":"https:\/\/schema.org","@graph":[{"@type":"WebPage","@id":"https:\/\/www.vavika.si\/it\/prodotto\/animale-guida-scoiattolo-femmina\/","url":"https:\/\/www.vavika.si\/it\/prodotto\/animale-guida-scoiattolo-femmina\/","name":"Animale guida - Scoiattolo femmina - Vavika","isPartOf":{"@id":"https:\/\/www.vavika.si\/#website"},"primaryImageOfPage":{"@id":"https:\/\/www.vavika.si\/it\/prodotto\/animale-guida-scoiattolo-femmina\/#primaryimage"},"image":{"@id":"https:\/\/www.vavika.si\/it\/prodotto\/animale-guida-scoiattolo-femmina\/#primaryimage"},"thumbnailUrl":"https:\/\/www.vavika.si\/wp-content\/uploads\/2022\/05\/Zivalski-Vodniki-Veverica.png","datePublished":"2022-06-21T18:06:32+00:00","dateModified":"2022-06-30T16:31:34+00:00","breadcrumb":{"@id":"https:\/\/www.vavika.si\/it\/prodotto\/animale-guida-scoiattolo-femmina\/#breadcrumb"},"inLanguage":"it-IT","potentialAction":[{"@type":"ReadAction","target":["https:\/\/www.vavika.si\/it\/prodotto\/animale-guida-scoiattolo-femmina\/"]}]},{"@type":"ImageObject","inLanguage":"it-IT","@id":"https:\/\/www.vavika.si\/it\/prodotto\/animale-guida-scoiattolo-femmina\/#primaryimage","url":"https:\/\/www.vavika.si\/wp-content\/uploads\/2022\/05\/Zivalski-Vodniki-Veverica.png","contentUrl":"https:\/\/www.vavika.si\/wp-content\/uploads\/2022\/05\/Zivalski-Vodniki-Veverica.png","width":1080,"height":1080},{"@type":"BreadcrumbList","@id":"https:\/\/www.vavika.si\/it\/prodotto\/animale-guida-scoiattolo-femmina\/#breadcrumb","itemListElement":[{"@type":"ListItem","position":1,"name":"Home","item":"https:\/\/www.vavika.si\/it\/"},{"@type":"ListItem","position":2,"name":"Negozio","item":"https:\/\/www.vavika.si\/it\/negozio\/"},{"@type":"ListItem","position":3,"name":"Animale guida &#8211; Scoiattolo femmina"}]},{"@type":"WebSite","@id":"https:\/\/www.vavika.si\/#website","url":"https:\/\/www.vavika.si\/","name":"Vavika","description":"Vavika","publisher":{"@id":"https:\/\/www.vavika.si\/#\/schema\/person\/2460f9ee47c12da15b3044b0fcb15520"},"potentialAction":[{"@type":"SearchAction","target":{"@type":"EntryPoint","urlTemplate":"https:\/\/www.vavika.si\/?s={search_term_string}"},"query-input":{"@type":"PropertyValueSpecification","valueRequired":true,"valueName":"search_term_string"}}],"inLanguage":"it-IT"},{"@type":["Person","Organization"],"@id":"https:\/\/www.vavika.si\/#\/schema\/person\/2460f9ee47c12da15b3044b0fcb15520","name":"Vanja","image":{"@type":"ImageObject","inLanguage":"it-IT","@id":"https:\/\/www.vavika.si\/#\/schema\/person\/image\/","url":"https:\/\/www.vavika.si\/wp-content\/uploads\/2021\/11\/logo.png","contentUrl":"https:\/\/www.vavika.si\/wp-content\/uploads\/2021\/11\/logo.png","width":418,"height":416,"caption":"Vanja"},"logo":{"@id":"https:\/\/www.vavika.si\/#\/schema\/person\/image\/"},"sameAs":["https:\/\/www.vavika.si","https:\/\/www.facebook.com\/vavikaCreateYourself\/","https:\/\/www.instagram.com\/vavika.si\/"]}]}},"_links":{"self":[{"href":"https:\/\/www.vavika.si\/it\/wp-json\/wp\/v2\/product\/6156","targetHints":{"allow":["GET"]}}],"collection":[{"href":"https:\/\/www.vavika.si\/it\/wp-json\/wp\/v2\/product"}],"about":[{"href":"https:\/\/www.vavika.si\/it\/wp-json\/wp\/v2\/types\/product"}],"wp:featuredmedia":[{"embeddable":true,"href":"https:\/\/www.vavika.si\/it\/wp-json\/wp\/v2\/media\/5999"}],"wp:attachment":[{"href":"https:\/\/www.vavika.si\/it\/wp-json\/wp\/v2\/media?parent=6156"}],"wp:term":[{"taxonomy":"product_brand","embeddable":true,"href":"https:\/\/www.vavika.si\/it\/wp-json\/wp\/v2\/product_brand?post=6156"},{"taxonomy":"product_cat","embeddable":true,"href":"https:\/\/www.vavika.si\/it\/wp-json\/wp\/v2\/product_cat?post=6156"},{"taxonomy":"product_tag","embeddable":true,"href":"https:\/\/www.vavika.si\/it\/wp-json\/wp\/v2\/product_tag?post=6156"}],"curies":[{"name":"wp","href":"https:\/\/api.w.org\/{rel}","templated":true}]}}