{"id":6153,"date":"2022-05-25T09:51:34","date_gmt":"2022-06-30T15:57:07","guid":{"rendered":"https:\/\/www.vavika.si\/?post_type=product&#038;p=6153"},"modified":"2022-06-30T15:57:07","modified_gmt":"2022-06-30T15:57:07","slug":"animale-guida-la-gatta","status":"publish","type":"product","link":"https:\/\/www.vavika.si\/it\/prodotto\/animale-guida-la-gatta\/","title":{"rendered":"Animale guida La gatta"},"content":{"rendered":"","protected":false},"excerpt":{"rendered":"<p>Stampa digitale artistica A4<br \/>\nPREZZO : 22\u20ac<br \/>\nCon cornice 25\u20ac<\/p>\n<p>La Gatta Nera \u00e8 una Animale Guida per tutti i bambini e, naturalmente, per gli adulti che sono diversi e sanno guardare al di l\u00e0 del conosciuto. Li aiuta a mantenere la propria energia e la propria indipendenza. Tra questi bambini ci sono tutti coloro che hanno la capacit\u00e0 di vedere i mondi &#8220;invisibili&#8221;, perch\u00e9 questo li ispira e li valorizza. <\/p>\n<p>Ci aiuta a entrare in contatto con i deceduti, anche quelli che non ci parlano da molto tempo. <\/p>\n<p>\u00c8 anche un grande sostegno per la rapida manifestazione di ci\u00f2 che vogliamo e per i cambiamenti veloci e positivi nella nostra vita. <\/p>\n<p>Testo Petra A\u0161kerc<\/p>\n","protected":false},"featured_media":5990,"template":"","meta":[],"product_brand":[],"product_cat":[61],"product_tag":[],"class_list":{"0":"post-6153","1":"product","2":"type-product","3":"status-publish","4":"has-post-thumbnail","6":"product_cat-animale-guida","8":"first","9":"instock","10":"taxable","11":"shipping-taxable","12":"purchasable","13":"product-type-variable"},"yoast_head":"<!-- This site is optimized with the Yoast SEO plugin v27.1.1 - https:\/\/yoast.com\/product\/yoast-seo-wordpress\/ -->\n<title>Animale guida La gatta - Vavika<\/title>\n<meta name=\"robots\" content=\"index, follow, max-snippet:-1, max-image-preview:large, max-video-preview:-1\" \/>\n<link rel=\"canonical\" href=\"https:\/\/www.vavika.si\/it\/prodotto\/animale-guida-la-gatta\/\" \/>\n<meta property=\"og:locale\" content=\"it_IT\" \/>\n<meta property=\"og:type\" content=\"article\" \/>\n<meta property=\"og:title\" content=\"Animale guida La gatta - Vavika\" \/>\n<meta property=\"og:description\" content=\"Stampa digitale artistica A4  PREZZO : 22\u20ac Con cornice 25\u20ac  La Gatta Nera \u00e8 una Animale Guida per tutti i bambini e, naturalmente, per gli adulti che sono diversi e sanno guardare al di l\u00e0 del conosciuto. Li aiuta a mantenere la propria energia e la propria indipendenza. Tra questi bambini ci sono tutti coloro che hanno la capacit\u00e0 di vedere i mondi &quot;invisibili&quot;, perch\u00e9 questo li ispira e li valorizza.   Ci aiuta a entrare in contatto con i deceduti, anche quelli che non ci parlano da molto tempo.   \u00c8 anche un grande sostegno per la rapida manifestazione di ci\u00f2 che vogliamo e per i cambiamenti veloci e positivi nella nostra vita.   Testo Petra A\u0161kerc\" \/>\n<meta property=\"og:url\" content=\"https:\/\/www.vavika.si\/it\/prodotto\/animale-guida-la-gatta\/\" \/>\n<meta property=\"og:site_name\" content=\"Vavika\" \/>\n<meta property=\"article:publisher\" content=\"https:\/\/www.facebook.com\/vavikaCreateYourself\/\" \/>\n<meta property=\"og:image\" content=\"https:\/\/www.vavika.si\/wp-content\/uploads\/2022\/05\/crna-macka-1024x1024.png\" \/>\n\t<meta property=\"og:image:width\" content=\"1024\" \/>\n\t<meta property=\"og:image:height\" content=\"1024\" \/>\n\t<meta property=\"og:image:type\" content=\"image\/png\" \/>\n<meta name=\"twitter:card\" content=\"summary_large_image\" \/>\n<script type=\"application\/ld+json\" class=\"yoast-schema-graph\">{\"@context\":\"https:\/\/schema.org\",\"@graph\":[{\"@type\":\"WebPage\",\"@id\":\"https:\/\/www.vavika.si\/it\/prodotto\/animale-guida-la-gatta\/\",\"url\":\"https:\/\/www.vavika.si\/it\/prodotto\/animale-guida-la-gatta\/\",\"name\":\"Animale guida La gatta - Vavika\",\"isPartOf\":{\"@id\":\"https:\/\/www.vavika.si\/#website\"},\"primaryImageOfPage\":{\"@id\":\"https:\/\/www.vavika.si\/it\/prodotto\/animale-guida-la-gatta\/#primaryimage\"},\"image\":{\"@id\":\"https:\/\/www.vavika.si\/it\/prodotto\/animale-guida-la-gatta\/#primaryimage\"},\"thumbnailUrl\":\"https:\/\/www.vavika.si\/wp-content\/uploads\/2022\/05\/crna-macka.png\",\"datePublished\":\"2022-06-30T15:57:07+00:00\",\"breadcrumb\":{\"@id\":\"https:\/\/www.vavika.si\/it\/prodotto\/animale-guida-la-gatta\/#breadcrumb\"},\"inLanguage\":\"it-IT\",\"potentialAction\":[{\"@type\":\"ReadAction\",\"target\":[\"https:\/\/www.vavika.si\/it\/prodotto\/animale-guida-la-gatta\/\"]}]},{\"@type\":\"ImageObject\",\"inLanguage\":\"it-IT\",\"@id\":\"https:\/\/www.vavika.si\/it\/prodotto\/animale-guida-la-gatta\/#primaryimage\",\"url\":\"https:\/\/www.vavika.si\/wp-content\/uploads\/2022\/05\/crna-macka.png\",\"contentUrl\":\"https:\/\/www.vavika.si\/wp-content\/uploads\/2022\/05\/crna-macka.png\",\"width\":1620,\"height\":1620},{\"@type\":\"BreadcrumbList\",\"@id\":\"https:\/\/www.vavika.si\/it\/prodotto\/animale-guida-la-gatta\/#breadcrumb\",\"itemListElement\":[{\"@type\":\"ListItem\",\"position\":1,\"name\":\"Home\",\"item\":\"https:\/\/www.vavika.si\/it\/\"},{\"@type\":\"ListItem\",\"position\":2,\"name\":\"Negozio\",\"item\":\"https:\/\/www.vavika.si\/it\/negozio\/\"},{\"@type\":\"ListItem\",\"position\":3,\"name\":\"Animale guida La gatta\"}]},{\"@type\":\"WebSite\",\"@id\":\"https:\/\/www.vavika.si\/#website\",\"url\":\"https:\/\/www.vavika.si\/\",\"name\":\"Vavika\",\"description\":\"Vavika\",\"publisher\":{\"@id\":\"https:\/\/www.vavika.si\/#\/schema\/person\/2460f9ee47c12da15b3044b0fcb15520\"},\"potentialAction\":[{\"@type\":\"SearchAction\",\"target\":{\"@type\":\"EntryPoint\",\"urlTemplate\":\"https:\/\/www.vavika.si\/?s={search_term_string}\"},\"query-input\":{\"@type\":\"PropertyValueSpecification\",\"valueRequired\":true,\"valueName\":\"search_term_string\"}}],\"inLanguage\":\"it-IT\"},{\"@type\":[\"Person\",\"Organization\"],\"@id\":\"https:\/\/www.vavika.si\/#\/schema\/person\/2460f9ee47c12da15b3044b0fcb15520\",\"name\":\"Vanja\",\"image\":{\"@type\":\"ImageObject\",\"inLanguage\":\"it-IT\",\"@id\":\"https:\/\/www.vavika.si\/#\/schema\/person\/image\/\",\"url\":\"https:\/\/www.vavika.si\/wp-content\/uploads\/2021\/11\/logo.png\",\"contentUrl\":\"https:\/\/www.vavika.si\/wp-content\/uploads\/2021\/11\/logo.png\",\"width\":418,\"height\":416,\"caption\":\"Vanja\"},\"logo\":{\"@id\":\"https:\/\/www.vavika.si\/#\/schema\/person\/image\/\"},\"sameAs\":[\"https:\/\/www.vavika.si\",\"https:\/\/www.facebook.com\/vavikaCreateYourself\/\",\"https:\/\/www.instagram.com\/vavika.si\/\"]}]}<\/script>\n<!-- \/ Yoast SEO plugin. -->","yoast_head_json":{"title":"Animale guida La gatta - Vavika","robots":{"index":"index","follow":"follow","max-snippet":"max-snippet:-1","max-image-preview":"max-image-preview:large","max-video-preview":"max-video-preview:-1"},"canonical":"https:\/\/www.vavika.si\/it\/prodotto\/animale-guida-la-gatta\/","og_locale":"it_IT","og_type":"article","og_title":"Animale guida La gatta - Vavika","og_description":"Stampa digitale artistica A4  PREZZO : 22\u20ac Con cornice 25\u20ac  La Gatta Nera \u00e8 una Animale Guida per tutti i bambini e, naturalmente, per gli adulti che sono diversi e sanno guardare al di l\u00e0 del conosciuto. Li aiuta a mantenere la propria energia e la propria indipendenza. Tra questi bambini ci sono tutti coloro che hanno la capacit\u00e0 di vedere i mondi \"invisibili\", perch\u00e9 questo li ispira e li valorizza.   Ci aiuta a entrare in contatto con i deceduti, anche quelli che non ci parlano da molto tempo.   \u00c8 anche un grande sostegno per la rapida manifestazione di ci\u00f2 che vogliamo e per i cambiamenti veloci e positivi nella nostra vita.   Testo Petra A\u0161kerc","og_url":"https:\/\/www.vavika.si\/it\/prodotto\/animale-guida-la-gatta\/","og_site_name":"Vavika","article_publisher":"https:\/\/www.facebook.com\/vavikaCreateYourself\/","og_image":[{"width":1024,"height":1024,"url":"https:\/\/www.vavika.si\/wp-content\/uploads\/2022\/05\/crna-macka-1024x1024.png","type":"image\/png"}],"twitter_card":"summary_large_image","schema":{"@context":"https:\/\/schema.org","@graph":[{"@type":"WebPage","@id":"https:\/\/www.vavika.si\/it\/prodotto\/animale-guida-la-gatta\/","url":"https:\/\/www.vavika.si\/it\/prodotto\/animale-guida-la-gatta\/","name":"Animale guida La gatta - Vavika","isPartOf":{"@id":"https:\/\/www.vavika.si\/#website"},"primaryImageOfPage":{"@id":"https:\/\/www.vavika.si\/it\/prodotto\/animale-guida-la-gatta\/#primaryimage"},"image":{"@id":"https:\/\/www.vavika.si\/it\/prodotto\/animale-guida-la-gatta\/#primaryimage"},"thumbnailUrl":"https:\/\/www.vavika.si\/wp-content\/uploads\/2022\/05\/crna-macka.png","datePublished":"2022-06-30T15:57:07+00:00","breadcrumb":{"@id":"https:\/\/www.vavika.si\/it\/prodotto\/animale-guida-la-gatta\/#breadcrumb"},"inLanguage":"it-IT","potentialAction":[{"@type":"ReadAction","target":["https:\/\/www.vavika.si\/it\/prodotto\/animale-guida-la-gatta\/"]}]},{"@type":"ImageObject","inLanguage":"it-IT","@id":"https:\/\/www.vavika.si\/it\/prodotto\/animale-guida-la-gatta\/#primaryimage","url":"https:\/\/www.vavika.si\/wp-content\/uploads\/2022\/05\/crna-macka.png","contentUrl":"https:\/\/www.vavika.si\/wp-content\/uploads\/2022\/05\/crna-macka.png","width":1620,"height":1620},{"@type":"BreadcrumbList","@id":"https:\/\/www.vavika.si\/it\/prodotto\/animale-guida-la-gatta\/#breadcrumb","itemListElement":[{"@type":"ListItem","position":1,"name":"Home","item":"https:\/\/www.vavika.si\/it\/"},{"@type":"ListItem","position":2,"name":"Negozio","item":"https:\/\/www.vavika.si\/it\/negozio\/"},{"@type":"ListItem","position":3,"name":"Animale guida La gatta"}]},{"@type":"WebSite","@id":"https:\/\/www.vavika.si\/#website","url":"https:\/\/www.vavika.si\/","name":"Vavika","description":"Vavika","publisher":{"@id":"https:\/\/www.vavika.si\/#\/schema\/person\/2460f9ee47c12da15b3044b0fcb15520"},"potentialAction":[{"@type":"SearchAction","target":{"@type":"EntryPoint","urlTemplate":"https:\/\/www.vavika.si\/?s={search_term_string}"},"query-input":{"@type":"PropertyValueSpecification","valueRequired":true,"valueName":"search_term_string"}}],"inLanguage":"it-IT"},{"@type":["Person","Organization"],"@id":"https:\/\/www.vavika.si\/#\/schema\/person\/2460f9ee47c12da15b3044b0fcb15520","name":"Vanja","image":{"@type":"ImageObject","inLanguage":"it-IT","@id":"https:\/\/www.vavika.si\/#\/schema\/person\/image\/","url":"https:\/\/www.vavika.si\/wp-content\/uploads\/2021\/11\/logo.png","contentUrl":"https:\/\/www.vavika.si\/wp-content\/uploads\/2021\/11\/logo.png","width":418,"height":416,"caption":"Vanja"},"logo":{"@id":"https:\/\/www.vavika.si\/#\/schema\/person\/image\/"},"sameAs":["https:\/\/www.vavika.si","https:\/\/www.facebook.com\/vavikaCreateYourself\/","https:\/\/www.instagram.com\/vavika.si\/"]}]}},"_links":{"self":[{"href":"https:\/\/www.vavika.si\/it\/wp-json\/wp\/v2\/product\/6153","targetHints":{"allow":["GET"]}}],"collection":[{"href":"https:\/\/www.vavika.si\/it\/wp-json\/wp\/v2\/product"}],"about":[{"href":"https:\/\/www.vavika.si\/it\/wp-json\/wp\/v2\/types\/product"}],"wp:featuredmedia":[{"embeddable":true,"href":"https:\/\/www.vavika.si\/it\/wp-json\/wp\/v2\/media\/5990"}],"wp:attachment":[{"href":"https:\/\/www.vavika.si\/it\/wp-json\/wp\/v2\/media?parent=6153"}],"wp:term":[{"taxonomy":"product_brand","embeddable":true,"href":"https:\/\/www.vavika.si\/it\/wp-json\/wp\/v2\/product_brand?post=6153"},{"taxonomy":"product_cat","embeddable":true,"href":"https:\/\/www.vavika.si\/it\/wp-json\/wp\/v2\/product_cat?post=6153"},{"taxonomy":"product_tag","embeddable":true,"href":"https:\/\/www.vavika.si\/it\/wp-json\/wp\/v2\/product_tag?post=6153"}],"curies":[{"name":"wp","href":"https:\/\/api.w.org\/{rel}","templated":true}]}}