{"id":6184,"date":"2022-06-21T19:06:42","date_gmt":"2022-06-21T19:06:42","guid":{"rendered":"https:\/\/www.vavika.si\/?page_id=6184"},"modified":"2022-06-21T19:08:57","modified_gmt":"2022-06-21T19:08:57","slug":"termini-e-condiizioni-generali","status":"publish","type":"page","link":"https:\/\/www.vavika.si\/it\/termini-e-condiizioni-generali\/","title":{"rendered":"Termini e condiizioni generali"},"content":{"rendered":"<div class=\"fusion-fullwidth fullwidth-box fusion-builder-row-1 fusion-flex-container nonhundred-percent-fullwidth non-hundred-percent-height-scrolling\" style=\"--awb-border-radius-top-left:0px;--awb-border-radius-top-right:0px;--awb-border-radius-bottom-right:0px;--awb-border-radius-bottom-left:0px;--awb-flex-wrap:wrap;\" ><div class=\"fusion-builder-row fusion-row fusion-flex-align-items-flex-start fusion-flex-content-wrap\" style=\"max-width:1323px;margin-left: calc(-5% \/ 2 );margin-right: calc(-5% \/ 2 );\"><div class=\"fusion-layout-column fusion_builder_column fusion-builder-column-0 fusion_builder_column_1_1 1_1 fusion-flex-column\" style=\"--awb-bg-size:cover;--awb-width-large:100%;--awb-margin-top-large:0px;--awb-spacing-right-large:2.375%;--awb-margin-bottom-large:0px;--awb-spacing-left-large:2.375%;--awb-width-medium:100%;--awb-spacing-right-medium:2.375%;--awb-spacing-left-medium:2.375%;--awb-width-small:100%;--awb-spacing-right-small:2.375%;--awb-spacing-left-small:2.375%;\"><div class=\"fusion-column-wrapper fusion-flex-justify-content-flex-start fusion-content-layout-column\"><div class=\"fusion-text fusion-text-1\" style=\"--awb-font-size:66px;--awb-text-transform:uppercase;--awb-text-font-family:&quot;Agency&quot;;--awb-text-font-style:normal;--awb-text-font-weight:400;\"><h2 style=\"text-align: center;\">Termini e condizioni generali<\/h2>\n<\/div><div class=\"fusion-text fusion-text-2\" style=\"--awb-text-transform:none;--awb-text-font-family:&quot;Josefin Sans Light&quot;;--awb-text-font-style:normal;--awb-text-font-weight:400;\"><h3 class=\"p1\"><b>Termini e condizioni Vavika.si<\/b><\/h3>\n<p class=\"p1\">Il Cliente \u00e8 vincolato dalle Condizioni Generali in vigore al momento dell&#8217;acquisto (effettuando un ordine online).<\/p>\n<h3 class=\"p1\"><b>Tipi di utenti<\/b><\/h3>\n<p class=\"p1\">Registrandosi su https:\/\/www.vavika.si si diventa membri di Vavika.si. I membri registrati e gli ospiti che fanno acquisti veloci senza registrarsi sul sito, hanno il diritto di fare acquisti nel negozio online Vavika.si.<\/p>\n<p class=\"p1\">Al momento della registrazione nel negozio online, al visitatore viene affidato un nome utente identico al suo indirizzo e-mail ed una password. L&#8217;utente pu\u00f2 cambiare il suo indirizzo e-mail o la password nel suo profilo utente.<\/p>\n<h3 class=\"p1\"><b>Accessibilit\u00e0 delle informazioni<\/b><\/h3>\n<p class=\"p1\">Vavika.si impegna a fornire le seguenti informazioni al Cliente:<\/p>\n<p class=\"p1\">a) identit\u00e0 (nome e sede legale, codice fiscale),<\/p>\n<p class=\"p1\">b) dettagli di contatto per permettere all&#8217;utente di comunicare in modo rapido ed efficiente (e-mail, telefono),<\/p>\n<p class=\"p1\">c) le caratteristiche essenziali dei beni o servizi (compresi i servizi post-vendita e la garanzia),<\/p>\n<p class=\"p1\">d) l&#8217;accessibilit\u00e0 dei prodotti (ogni prodotto offerto sul sito deve essere disponibile in un tempo ragionevole),<\/p>\n<p class=\"p1\">e) i termini di consegna (metodo, luogo e tempi di consegna),<\/p>\n<p class=\"p1\">f) tutti i prezzi devono essere esposti in modo chiaro e inequivocabile e deve essere chiaramente indicato se comprendono gi\u00e0 le tasse e i costi di trasporto,<\/p>\n<p class=\"p1\">g) il metodo di pagamento e di consegna,<\/p>\n<p class=\"p1\">(h) la validit\u00e0 temporale dell&#8217;offerta,<\/p>\n<p class=\"p1\">i) il periodo entro il quale si pu\u00f2 ancora recedere dal contratto e le condizioni di recesso; inoltre, gli eventuali costi della restituzione del prodotto,<\/p>\n<p class=\"p1\">j) una spiegazione della procedura di reclamo, compresi i dettagli completi della persona di contatto o del servizio clienti.<\/p>\n<h3 class=\"p1\"><b>Offerta articoli e prezzi<\/b><\/h3>\n<p class=\"p1\">A causa della natura dell\u2019attivit\u00e0 online esercitata, l&#8217;offerta ed i prezzi nel negozio online Vavika.si vengono frequentemente aggiornati e variati. I prezzi del negozio online Vavika.si resta invariato sia per i membri registrati che per gli ospiti. I prezzi indicati sono IVA esclusa e sono espressi in EUR. I prezzi sono validi al momento dell&#8217;ordine e non hanno una validit\u00e0 predefinita.<\/p>\n<h3 class=\"p1\"><b>Ordini<span class=\"Apple-converted-space\">\u00a0<\/span><\/b><\/h3>\n<p class=\"p1\">Il contratto d&#8217;acquisto tra Vavika.si e l&#8217;acquirente \u00e8 concluso nel negozio online Vavika.si nel momento in cui Vavika.si invia all&#8217;acquirente la prima e-mail di conferma del suo ordine.<span class=\"Apple-converted-space\">\u00a0 <\/span>Da quel momento in poi, tutti i prezzi e gli altri termini d\u2019acquisto sono fissati e si applicano sia a Vavika.si che all&#8217;acquirente.<\/p>\n<h3 class=\"p1\"><b>Metodo di pagamento<\/b><\/h3>\n<p class=\"p1\">Il negozio online Vavika.si offre il seguente metodo di pagamento<\/p>\n<ul class=\"ul1\">\n<li class=\"li1\">pagamento con bonifico bancario sul conto corrente di Vavika.si<\/li>\n<\/ul>\n<p class=\"p1\"><b>Pagamento con bonifico bancario:<\/b> Dopo aver effettuato un ordine online, riceverete la fattura via e-mail. L\u2019ordine viene eseguito dopo aver ricevuto il pagamento sul nostro conto corrente. Per un&#8217;elaborazione pi\u00f9 rapida, il cliente pu\u00f2 avvisarci riguardo il pagamento effettuato via e-mail, all&#8217;indirizzo info@vavika.si .<\/p>\n<h3 class=\"p1\"><b>Consegna<\/b><\/h3>\n<p class=\"p1\">La consegna sar\u00e0 gestita dalle Poste Slovene. Il venditore non \u00e8 responsabile dei ritardi del fornitore di servizi postali o dei danni all&#8217;imballaggio. Le spese di consegna sono pari a EUR 3,50. La consegna della merce per la quale non \u00e8 prevista la consegna gratuita o per la quale non sono previste nelle presenti condizioni altre spese di consegna sar\u00e0 addebitata in base al peso a seconda del listino prezzi delle Poste Slovene. La consegna all\u2019estero sar\u00e0 addebitata separatamente secondo il listino prezzi delle Poste della Slovenia.<span class=\"Apple-converted-space\">\u00a0<\/span><\/p>\n<h3 class=\"p1\"><b>Tempi di consegna<span class=\"Apple-converted-space\">\u00a0<\/span><\/b><\/h3>\n<p class=\"p1\">I tempi di consegna per gli articoli disponibili subito \u00e8 di 5-8 giorni lavorativi, poich\u00e9 i prodotti vengono realizzati a mano. Se il tempo di consegna dovesse prolungarsi, sar\u00e0 nostra premura informarvi prontamente.<\/p>\n<p class=\"p1\">I tempi di consegna per gli articoli che non sono disponibili, i tempi di consegna vengono prolungati dagli 8 ai 15 giorni lavorativi o, eccezionalmente, anche di pi\u00f9.<\/p>\n<p class=\"p1\">Se si ordinano articoli che non sono disponibili subito si prega di contattarci inviando una e-mail a info@vavika.si, saremo lieti di farvi sapere quando i prodotti desiderati saranno disponibili.<\/p>\n<h3 class=\"p1\"><b>Reclami e resi<\/b><\/h3>\n<p class=\"p1\">L&#8217;acquirente ha diritto di recedere dal contratto entro 14 giorni dal ricevimento della merce, mandando una comunicazione scritta a info@vavika.si senza dover fornire alcuna motivazione.<\/p>\n<p class=\"p1\">L&#8217;acquirente \u00e8 tenuto a restituire a Vavika.si la merce inutilizzata, non danneggiata e nella sua confezione originale, nonch\u00e9 invariata nella quantit\u00e0, entro 14 giorni dalla data di invio della revoca.<\/p>\n<p class=\"p1\">L&#8217;unico costo sostenuto dall&#8217;acquirente per recedere dall&#8217;ordine (acquisto) \u00e8 il costo diretto della restituzione della merce (spese postali) all&#8217;indirizzo fornito dal venditore. Al momento della restituzione della merce, l&#8217;acquirente \u00e8 tenuto ad inviare anche la fattura e i dati personali, nonch\u00e9 il numero del conto corrente sul quale desidera ricevere il rimborso. Il rimborso viene effettuato entro 30 giorni dal ricevimento della notifica di recesso.<\/p>\n<p class=\"p1\">Gli articoli creati su commissione non possono essere cambiati o restituiti. In caso di problemi legati agli articoli acquistati, alla consegna errata o simili, faremo di tutto per aiutarvi. Inviateci un messaggio descrivendo il problema a info@vavika.si e faremo del nostro meglio per rispondervi il prima possibile.<\/p>\n<h3 class=\"p1\"><b>Reclami<\/b><\/h3>\n<p class=\"p1\">Nel caso in cui i prodotti consegnati non corrispondano alle caratteristiche o alle specifiche degli articoli ordinati, l\u2019acquirente \u00e8 tenuto a comunicarcelo entro 8 giorni dalla data di ricevimento degli articoli. Si prega di restituire gli articoli nella loro confezione originale e nelle condizioni in cui li avete ricevuti. Si prega di includere una breve descrizione del motivo della restituzione. Vi rimborseremo il valore dell\u2019articolo restituito, escluse le spese di spedizione, o vi accrediteremo, o vi invieremo dei nuovi articoli.<span class=\"Apple-converted-space\">\u00a0<\/span><\/p>\n<h3 class=\"p1\"><b>Fatturazione<\/b><\/h3>\n<p class=\"p1\">L\u2019acquirente riceve la fattura su e-mail. La fattura riporta il prezzo e tutti i costi relativi all\u2019acquisto. L&#8217;acquirente \u00e8 obbligato a verificare la correttezza delle informazioni al ricevimento dell&#8217;ordine.<\/p>\n<h3 class=\"p1\"><b>Procedura d\u2019acquisto<\/b><\/h3>\n<ul class=\"ul1\">\n<li class=\"li1\"><b>Selezione articolo:<\/b> Sul sito www.vavika.si selezionate il prodotto che desiderate e cliccate su \u201cAggiungi nel carrello\u201d. Il sistema inserir\u00e0 l\u2019articolo prescelto nel carrello. Quando desiderate terminare l\u2019acquisto, selezionate \u201cMostra il carrello\u201d ed il sistema vi mostrer\u00e0 il vostro carrello.<\/li>\n<li class=\"li1\"><b>Eliminazione di articoli dal carrello:<\/b> Sul sito www.vavika.si in alto a destra troverete l\u2019icona del carrello. Cliccandoci sopra vengono visualizzati gli articoli inseriti nel carrello. Se desiderate eliminare alcuni articoli dal carrello, cliccate sull\u2019icona del carrello e sulla x \u201celimina\u201d.<\/li>\n<\/ul>\n<p class=\"p1\"><b>Carrello:<\/b> Per completare l\u2019ordine, bisogna compilare i campi necessari.<\/p>\n<ul class=\"ul1\">\n<li class=\"li1\">Indirizzo di consegna: \u00e8 necessario fornire i dati contrassegnati da un asterisco rosso (nome, cognome, indirizzo e-mail, indirizzo, citt\u00e0, codice postale e numero di telefono), di cui abbiamo bisogno per confermare e completare l&#8217;ordine e per consegnare il prodotto.<\/li>\n<li class=\"li1\">Il modulo permette di creare un account utente e di salvare i dati dell&#8217;utente per un eventuale ordine successivo.<\/li>\n<li class=\"li1\">Costi di consegna: il costo di consegna in tutta la Slovenia \u00e8 fisso e viene fornito dalla Posta Slovena.<span class=\"Apple-converted-space\">\u00a0<\/span><\/li>\n<li class=\"li1\">Metodo di pagamento: Viene offerto il seguente metodo di pagamento: Pagamento con bonifico.<\/li>\n<li class=\"li1\">Panoramica dell\u2019ordine: vengono mostrati i prodotti che l&#8217;utente ha aggiunto nel carrello durante la navigazione nel negozio online. Il prezzo del prodotto, le spese di spedizione e il costo totale da pagare vengono visualizzati nel carrello prima ancora che l&#8217;ordine venga completato.<\/li>\n<li class=\"li1\">Completamento dell&#8217;ordine: l&#8217;utente pu\u00f2 rivedere i dati forniti per la spedizione, il metodo di pagamento prescelto ed il contenuto del carrello. L&#8217;utente conferma l&#8217;ordine cliccando sul pulsante &#8216;Invia l\u2019ordine&#8217;. Se l&#8217;ordine \u00e8 stato completato con successo, sullo schermo compaiono i dati dell\u2019acquirente e i dettagli dell&#8217;ordine, nonch\u00e9 il numero dell\u2019ordine.<\/li>\n<\/ul>\n<h3 class=\"p1\"><b>Procedura di notifica sull\u2019acquisto<\/b><\/h3>\n<ul class=\"ul1\">\n<li class=\"li1\">Dopo aver effettuato l\u2019ordine, l&#8217;acquirente riceve una notifica via e-mail che l&#8217;ordine \u00e8 stato accettato.<\/li>\n<li class=\"li1\">Vavika.si pu\u00f2 telefonare all\u2019acquirente per verificare i dati relativi alla consegna.<\/li>\n<\/ul>\n<h3 class=\"p1\"><b>Protezione dati personali<span class=\"Apple-converted-space\">\u00a0<\/span><\/b><\/h3>\n<p class=\"p1\">Vavika.si conserva a tempo indeterminato i seguenti dati degli utenti registrati: nome e cognome, indirizzo e-mail, numero di telefono, indirizzo primario e di consegna, paese di residenza, ora e data di registrazione.<\/p>\n<ul class=\"ul1\">\n<li class=\"li1\">Vavika.si utilizza i suddetti dati personali esclusivamente per l&#8217;adempimento dell&#8217;ordine (invio di materiale informativo, offerte, fatture) e altre comunicazioni necessarie<\/li>\n<li class=\"li1\">In nessun caso i dati dell&#8217;utente verranno trasmessi a persone non autorizzate.<\/li>\n<li class=\"li1\">Per la protezione dei propri dati personali \u00e8 responsabile anche l\u2019utente, garantendo la sicurezza del suo indirizzo e-mail, del suo nome utente, nonch\u00e9 della password, utilizzando una protezione software appropriata (anti-virus) sul suo computer.<\/li>\n<\/ul>\n<h3 class=\"p1\"><b>Comunicazione<\/b><\/h3>\n<p class=\"p1\">Vavika.si contatter\u00e0 l&#8217;utente tramite comunicazione a distanza solo se l&#8217;utente non si oppone espressamente a questo. I messaggi e-mail e\/o SMS pubblicitari conterranno i seguenti componenti:<\/p>\n<ul class=\"ul1\">\n<li class=\"li1\">saranno identificati in modo chiaro e inequivocabile come messaggi pubblicitari,<\/li>\n<li class=\"li1\">il mittente sar\u00e0 chiaramente identificabile,<\/li>\n<li class=\"li1\">varie campagne, promozioni e altre tecniche di marketing saranno identificate come tali.<\/li>\n<\/ul>\n<p class=\"p1\">Saranno chiaramente definite anche le condizioni per parteciparvi:<\/p>\n<ul class=\"ul1\">\n<li class=\"li1\">verranno presentati chiaramente i metodi per annullare l&#8217;iscrizione alla ricezione di messaggi pubblicitari<span class=\"Apple-converted-space\">\u00a0<\/span><\/li>\n<li class=\"li1\">il desiderio dell&#8217;utente di non ricevere messaggi pubblicitari sar\u00e0 esplicitamente rispettato da Vavika.si.<\/li>\n<\/ul>\n<h3 class=\"p1\"><b>Produzione ed utilizzo<span class=\"Apple-converted-space\">\u00a0<\/span><\/b><\/h3>\n<p class=\"p1\">Prodotto in Slovenia.<\/p>\n<p>Ci riserviamo il diritto di apportare modifiche, in tutto o in parte, a qualsiasi parte di questi termini e condizioni senza preavviso. Le modifiche hanno effetto dal momento della pubblicazione.<\/p>\n<p class=\"p1\">Non ci impegniamo a garantire l&#8217;esattezza e la completezza del materiale testuale e fotografico. La fotografia e l&#8217;aspetto reale del prodotto possono variare.<\/p>\n<p class=\"p1\">L&#8217;utilizzo dei prodotti Vavika.si \u00e8 a proprio rischio e pericolo. Tutte le illustrazioni e i testi sono il copyright di Vavika.si. Si basano su opinioni e intuizioni personali che hanno aiutato a capire meglio se stessi attraverso anni di creazione e la propria esperienza. Sono quindi offerti qui come un&#8217;opportunit\u00e0 per esplorare il proprio potenziale emotivo e spirituale attraverso i colori e le tecniche creative. Nessuna parte di questo sito web pu\u00f2 essere riprodotta in alcun modo, in tutto o in parte, senza il permesso di Vavika.si.<\/p>\n<\/div><\/div><\/div><\/div><\/div>\n","protected":false},"excerpt":{"rendered":"","protected":false},"author":2,"featured_media":0,"parent":0,"menu_order":0,"comment_status":"closed","ping_status":"closed","template":"","meta":{"footnotes":""},"class_list":["post-6184","page","type-page","status-publish","hentry"],"yoast_head":"<!-- This site is optimized with the Yoast SEO plugin v27.1.1 - https:\/\/yoast.com\/product\/yoast-seo-wordpress\/ -->\n<title>Termini e condiizioni generali - Vavika<\/title>\n<meta name=\"robots\" content=\"index, follow, max-snippet:-1, max-image-preview:large, max-video-preview:-1\" \/>\n<link rel=\"canonical\" href=\"https:\/\/www.vavika.si\/it\/termini-e-condiizioni-generali\/\" \/>\n<meta property=\"og:locale\" content=\"it_IT\" \/>\n<meta property=\"og:type\" content=\"article\" \/>\n<meta property=\"og:title\" content=\"Termini e condiizioni generali - Vavika\" \/>\n<meta property=\"og:url\" content=\"https:\/\/www.vavika.si\/it\/termini-e-condiizioni-generali\/\" \/>\n<meta property=\"og:site_name\" content=\"Vavika\" \/>\n<meta property=\"article:publisher\" content=\"https:\/\/www.facebook.com\/vavikaCreateYourself\/\" \/>\n<meta property=\"article:modified_time\" content=\"2022-06-21T19:08:57+00:00\" \/>\n<meta property=\"og:image\" content=\"https:\/\/www.vavika.si\/wp-content\/uploads\/2022\/05\/photo_2022-03-23_12-03-01-2.jpg\" \/>\n\t<meta property=\"og:image:width\" content=\"884\" \/>\n\t<meta property=\"og:image:height\" content=\"885\" \/>\n\t<meta property=\"og:image:type\" content=\"image\/jpeg\" \/>\n<meta name=\"twitter:card\" content=\"summary_large_image\" \/>\n<meta name=\"twitter:label1\" content=\"Tempo di lettura stimato\" \/>\n\t<meta name=\"twitter:data1\" content=\"10 minuti\" \/>\n<script type=\"application\/ld+json\" class=\"yoast-schema-graph\">{\"@context\":\"https:\/\/schema.org\",\"@graph\":[{\"@type\":\"WebPage\",\"@id\":\"https:\/\/www.vavika.si\/it\/termini-e-condiizioni-generali\/\",\"url\":\"https:\/\/www.vavika.si\/it\/termini-e-condiizioni-generali\/\",\"name\":\"Termini e condiizioni generali - Vavika\",\"isPartOf\":{\"@id\":\"https:\/\/www.vavika.si\/#website\"},\"datePublished\":\"2022-06-21T19:06:42+00:00\",\"dateModified\":\"2022-06-21T19:08:57+00:00\",\"breadcrumb\":{\"@id\":\"https:\/\/www.vavika.si\/it\/termini-e-condiizioni-generali\/#breadcrumb\"},\"inLanguage\":\"it-IT\",\"potentialAction\":[{\"@type\":\"ReadAction\",\"target\":[\"https:\/\/www.vavika.si\/it\/termini-e-condiizioni-generali\/\"]}]},{\"@type\":\"BreadcrumbList\",\"@id\":\"https:\/\/www.vavika.si\/it\/termini-e-condiizioni-generali\/#breadcrumb\",\"itemListElement\":[{\"@type\":\"ListItem\",\"position\":1,\"name\":\"Home\",\"item\":\"https:\/\/www.vavika.si\/it\/\"},{\"@type\":\"ListItem\",\"position\":2,\"name\":\"Termini e condiizioni generali\"}]},{\"@type\":\"WebSite\",\"@id\":\"https:\/\/www.vavika.si\/#website\",\"url\":\"https:\/\/www.vavika.si\/\",\"name\":\"Vavika\",\"description\":\"Vavika\",\"publisher\":{\"@id\":\"https:\/\/www.vavika.si\/#\/schema\/person\/2460f9ee47c12da15b3044b0fcb15520\"},\"potentialAction\":[{\"@type\":\"SearchAction\",\"target\":{\"@type\":\"EntryPoint\",\"urlTemplate\":\"https:\/\/www.vavika.si\/?s={search_term_string}\"},\"query-input\":{\"@type\":\"PropertyValueSpecification\",\"valueRequired\":true,\"valueName\":\"search_term_string\"}}],\"inLanguage\":\"it-IT\"},{\"@type\":[\"Person\",\"Organization\"],\"@id\":\"https:\/\/www.vavika.si\/#\/schema\/person\/2460f9ee47c12da15b3044b0fcb15520\",\"name\":\"Vanja\",\"image\":{\"@type\":\"ImageObject\",\"inLanguage\":\"it-IT\",\"@id\":\"https:\/\/www.vavika.si\/#\/schema\/person\/image\/\",\"url\":\"https:\/\/www.vavika.si\/wp-content\/uploads\/2021\/11\/logo.png\",\"contentUrl\":\"https:\/\/www.vavika.si\/wp-content\/uploads\/2021\/11\/logo.png\",\"width\":418,\"height\":416,\"caption\":\"Vanja\"},\"logo\":{\"@id\":\"https:\/\/www.vavika.si\/#\/schema\/person\/image\/\"},\"sameAs\":[\"https:\/\/www.vavika.si\",\"https:\/\/www.facebook.com\/vavikaCreateYourself\/\",\"https:\/\/www.instagram.com\/vavika.si\/\"]}]}<\/script>\n<!-- \/ Yoast SEO plugin. -->","yoast_head_json":{"title":"Termini e condiizioni generali - Vavika","robots":{"index":"index","follow":"follow","max-snippet":"max-snippet:-1","max-image-preview":"max-image-preview:large","max-video-preview":"max-video-preview:-1"},"canonical":"https:\/\/www.vavika.si\/it\/termini-e-condiizioni-generali\/","og_locale":"it_IT","og_type":"article","og_title":"Termini e condiizioni generali - Vavika","og_url":"https:\/\/www.vavika.si\/it\/termini-e-condiizioni-generali\/","og_site_name":"Vavika","article_publisher":"https:\/\/www.facebook.com\/vavikaCreateYourself\/","article_modified_time":"2022-06-21T19:08:57+00:00","og_image":[{"width":884,"height":885,"url":"https:\/\/www.vavika.si\/wp-content\/uploads\/2022\/05\/photo_2022-03-23_12-03-01-2.jpg","type":"image\/jpeg"}],"twitter_card":"summary_large_image","twitter_misc":{"Tempo di lettura stimato":"10 minuti"},"schema":{"@context":"https:\/\/schema.org","@graph":[{"@type":"WebPage","@id":"https:\/\/www.vavika.si\/it\/termini-e-condiizioni-generali\/","url":"https:\/\/www.vavika.si\/it\/termini-e-condiizioni-generali\/","name":"Termini e condiizioni generali - Vavika","isPartOf":{"@id":"https:\/\/www.vavika.si\/#website"},"datePublished":"2022-06-21T19:06:42+00:00","dateModified":"2022-06-21T19:08:57+00:00","breadcrumb":{"@id":"https:\/\/www.vavika.si\/it\/termini-e-condiizioni-generali\/#breadcrumb"},"inLanguage":"it-IT","potentialAction":[{"@type":"ReadAction","target":["https:\/\/www.vavika.si\/it\/termini-e-condiizioni-generali\/"]}]},{"@type":"BreadcrumbList","@id":"https:\/\/www.vavika.si\/it\/termini-e-condiizioni-generali\/#breadcrumb","itemListElement":[{"@type":"ListItem","position":1,"name":"Home","item":"https:\/\/www.vavika.si\/it\/"},{"@type":"ListItem","position":2,"name":"Termini e condiizioni generali"}]},{"@type":"WebSite","@id":"https:\/\/www.vavika.si\/#website","url":"https:\/\/www.vavika.si\/","name":"Vavika","description":"Vavika","publisher":{"@id":"https:\/\/www.vavika.si\/#\/schema\/person\/2460f9ee47c12da15b3044b0fcb15520"},"potentialAction":[{"@type":"SearchAction","target":{"@type":"EntryPoint","urlTemplate":"https:\/\/www.vavika.si\/?s={search_term_string}"},"query-input":{"@type":"PropertyValueSpecification","valueRequired":true,"valueName":"search_term_string"}}],"inLanguage":"it-IT"},{"@type":["Person","Organization"],"@id":"https:\/\/www.vavika.si\/#\/schema\/person\/2460f9ee47c12da15b3044b0fcb15520","name":"Vanja","image":{"@type":"ImageObject","inLanguage":"it-IT","@id":"https:\/\/www.vavika.si\/#\/schema\/person\/image\/","url":"https:\/\/www.vavika.si\/wp-content\/uploads\/2021\/11\/logo.png","contentUrl":"https:\/\/www.vavika.si\/wp-content\/uploads\/2021\/11\/logo.png","width":418,"height":416,"caption":"Vanja"},"logo":{"@id":"https:\/\/www.vavika.si\/#\/schema\/person\/image\/"},"sameAs":["https:\/\/www.vavika.si","https:\/\/www.facebook.com\/vavikaCreateYourself\/","https:\/\/www.instagram.com\/vavika.si\/"]}]}},"_links":{"self":[{"href":"https:\/\/www.vavika.si\/it\/wp-json\/wp\/v2\/pages\/6184","targetHints":{"allow":["GET"]}}],"collection":[{"href":"https:\/\/www.vavika.si\/it\/wp-json\/wp\/v2\/pages"}],"about":[{"href":"https:\/\/www.vavika.si\/it\/wp-json\/wp\/v2\/types\/page"}],"author":[{"embeddable":true,"href":"https:\/\/www.vavika.si\/it\/wp-json\/wp\/v2\/users\/2"}],"replies":[{"embeddable":true,"href":"https:\/\/www.vavika.si\/it\/wp-json\/wp\/v2\/comments?post=6184"}],"version-history":[{"count":2,"href":"https:\/\/www.vavika.si\/it\/wp-json\/wp\/v2\/pages\/6184\/revisions"}],"predecessor-version":[{"id":6187,"href":"https:\/\/www.vavika.si\/it\/wp-json\/wp\/v2\/pages\/6184\/revisions\/6187"}],"wp:attachment":[{"href":"https:\/\/www.vavika.si\/it\/wp-json\/wp\/v2\/media?parent=6184"}],"curies":[{"name":"wp","href":"https:\/\/api.w.org\/{rel}","templated":true}]}}